{"id":53,"date":"2015-06-11T18:30:39","date_gmt":"2015-06-11T18:30:39","guid":{"rendered":"https:\/\/house-coffee.es\/?page_id=27"},"modified":"2019-07-08T09:38:51","modified_gmt":"2019-07-08T09:38:51","slug":"contacto","status":"publish","type":"page","link":"https:\/\/house-coffee.es\/?page_id=53","title":{"rendered":"Contacto"},"content":{"rendered":"<p>[et_pb_section fb_built=\"1\" fullwidth=\"on\" _builder_version=\"3.22.7\" background_color=\"rgba(255,255,255,0.17)\"][et_pb_fullwidth_header _builder_version=\"3.25.4\" title_font=\"|700|||||||\" title_text_color=\"#333333\" background_color=\"#f3f3f3\" custom_margin=\"0px|0px|0px|0px|true|true\" custom_padding=\"20px|0px|20px|0px|true|true\"]<\/p>\n<h1 class=\"h1-size\"><span style=\"color: #000000;\">Contacto<\/span><\/h1>\n<p>[\/et_pb_fullwidth_header][\/et_pb_section][et_pb_section fb_built=\"1\" admin_label=\"section\" _builder_version=\"3.22.3\"][et_pb_row _builder_version=\"3.25\" column_structure=\"1_2,1_2\"][et_pb_column type=\"1_2\" _builder_version=\"3.25\" custom_padding=\"|||\" custom_padding__hover=\"|||\"][et_pb_text _builder_version=\"3.23.3\" header_font=\"||||||||\" header_2_font=\"Roboto||||||||\" header_2_text_color=\"#333333\" header_2_font_size=\"30px\"]<\/p>\n<h2 class=\"title\">Solicitud de Informaci\u00f3n<\/h2>\n<p>[\/et_pb_text][et_pb_code _builder_version=\"3.24.1\"]<style type=\"text\/css\">.super-form:not(.super-initialized,.super-preview-elements) *:not(.super-load-icon) { visibility: hidden !important; }<\/style><div id=\"super-form-1360\" data-sfuid=\"IlrWH0WH\" translate=\"no\" style=\"margin:0px 0px 0px 0px;\" class=\"super-form super-form-1360  super-default-squared super-field-size-large super-adaptive notranslate\" data-clear=\"true\" data-overlay=\"true\" data-field-size=\"large\"><span class=\"super-load-icon\"><\/span><form tabindex=\"0\" autocomplete=\"on\" enctype=\"multipart\/form-data\"><input type=\"hidden\" name=\"sf_nonce\" value=\"\" \/><input type=\"text\" name=\"super_hp\" size=\"25\" value=\"\" \/><div class=\"super-shortcode super-field super-hidden\"><input class=\"super-shortcode-field\" type=\"hidden\" value=\"1360\" name=\"hidden_form_id\" \/><\/div><div class=\"super-grid super-shortcode\"><div data-sfuid=\"Sh1WVMmx-1\" class=\"super-shortcode super_one_full super-column grid-level-0 column-number-1 first-column \"><div class=\"super-grid super-shortcode\"><div data-sfuid=\"IZtiiBBO-2\" class=\"super-shortcode super_one_full super-column grid-level-1 column-number-1 first-column \"><div data-sfuid=\"p8alaldH-3\" id=\"sf-wrapper-1360-1-field_ulOXY\" class=\"super-shortcode super-field super-html  bottom-left super-ungrouped  \"><div class=\"super-html-title super-bottom-margin\"\">Nombre y Apellido (requerido)<\/div><div class=\"super-error-msg\">\u00a1Se requiere campo!<\/div><div class=\"super-empty-error-msg\">\u00a1Se requiere campo!<\/div><\/div><div data-sfuid=\"tPofZWjH-4\" id=\"sf-wrapper-1360-1-first_name\" class=\"super-shortcode super-field super-text super-field-type-text  bottom-left super-ungrouped  \"><div class=\"super-field-wrapper \"><input tabindex=\"-1\" class=\"super-shortcode-field\" type=\"text\" name=\"first_name\" id=\"sf-field-1360-1-first_name\" data-oname=\"first_name\" data-message=\"Campo requerido\" data-validation=\"empty\" data-email=\"Nombre:\" data-exclude=\"0\" data-absolute-default=\"\" data-default-value=\"\" \/><span class=\"super-adaptive-placeholder\" data-placeholder=\"Su Nombre y Apellido (requerido):\" data-placeholderFilled=\"Su Nombre y Apellido (requerido):\"><span>Su Nombre y Apellido (requerido):<\/span><\/span><\/div><div class=\"super-error-msg\">Campo requerido<\/div><div class=\"super-empty-error-msg\">Campo requerido<\/div><\/div><div data-sfuid=\"AMttypBO-5\" id=\"sf-wrapper-1360-1-\" class=\"super-shortcode super-field super-html  bottom-left super-ungrouped  \"><div class=\"super-html-title super-bottom-margin\"\">Empresa (requerido)<\/div><div class=\"super-error-msg\">\u00a1Se requiere campo!<\/div><div class=\"super-empty-error-msg\">\u00a1Se requiere campo!<\/div><\/div><div data-sfuid=\"Pa6YUVG9-6\" id=\"sf-wrapper-1360-1-empresa\" class=\"super-shortcode super-field super-text super-field-type-text  bottom-left super-ungrouped  \"><div class=\"super-field-wrapper \"><input tabindex=\"-1\" class=\"super-shortcode-field\" type=\"text\" name=\"empresa\" id=\"sf-field-1360-1-empresa\" data-oname=\"empresa\" data-message=\"Campo requerido\" data-validation=\"empty\" data-email=\"Empresa:\" data-exclude=\"0\" data-absolute-default=\"\" data-default-value=\"\" \/><span class=\"super-adaptive-placeholder\" data-placeholder=\"Empresa (requerido):\" data-placeholderFilled=\"Empresa (requerido):\"><span>Empresa (requerido):<\/span><\/span><\/div><div class=\"super-error-msg\">Campo requerido<\/div><div class=\"super-empty-error-msg\">Campo requerido<\/div><\/div><div data-sfuid=\"dXv01quS-7\" id=\"sf-wrapper-1360-1-\" class=\"super-shortcode super-field super-html  bottom-left super-ungrouped  \"><div class=\"super-html-title super-bottom-margin\"\">Email (requerido)<\/div><div class=\"super-error-msg\">\u00a1Se requiere campo!<\/div><div class=\"super-empty-error-msg\">\u00a1Se requiere campo!<\/div><\/div><div data-sfuid=\"BttzY2DV-8\" id=\"sf-wrapper-1360-1-emailcontacto\" class=\"super-shortcode super-field super-text super-field-type-email  bottom-left super-ungrouped  \"><div class=\"super-field-wrapper \"><input tabindex=\"-1\" class=\"super-shortcode-field\" type=\"email\" name=\"emailcontacto\" id=\"sf-field-1360-1-emailcontacto\" data-oname=\"emailcontacto\" data-message=\"Campo requerido\" data-validation=\"email\" data-email=\"Email:\" data-exclude=\"0\" data-absolute-default=\"\" data-default-value=\"\" \/><span class=\"super-adaptive-placeholder\" data-placeholder=\"Su email (requerido):\" data-placeholderFilled=\"Su email (requerido):\"><span>Su email (requerido):<\/span><\/span><\/div><div class=\"super-error-msg\">Campo requerido<\/div><div class=\"super-empty-error-msg\">Campo requerido<\/div><\/div><div data-sfuid=\"6SNQ08Ro-9\" id=\"sf-wrapper-1360-1-\" class=\"super-shortcode super-field super-html  bottom-left super-ungrouped  \"><div class=\"super-html-title super-bottom-margin\"\">Tel\u00e9fono (requerido)<\/div><div class=\"super-error-msg\">\u00a1Se requiere campo!<\/div><div class=\"super-empty-error-msg\">\u00a1Se requiere campo!<\/div><\/div><div data-sfuid=\"SECouJ6W-10\" id=\"sf-wrapper-1360-1-field_WSpms\" class=\"super-shortcode super-field super-text super-field-type-tel  bottom-left super-ungrouped  \"><div class=\"super-field-wrapper \"><input tabindex=\"-1\" class=\"super-shortcode-field\" type=\"tel\" name=\"field_WSpms\" id=\"sf-field-1360-1-field_WSpms\" data-oname=\"field_WSpms\" data-message=\"Campo requerido\" data-validation=\"numeric\" data-email=\"Tel\u00e9fono:\" data-exclude=\"0\" data-absolute-default=\"\" data-default-value=\"\" \/><span class=\"super-adaptive-placeholder\" data-placeholder=\"Tel\u00e9fono (requerido):\" data-placeholderFilled=\"Tel\u00e9fono (requerido):\"><span>Tel\u00e9fono (requerido):<\/span><\/span><\/div><div class=\"super-error-msg\">Campo requerido<\/div><div class=\"super-empty-error-msg\">Campo requerido<\/div><\/div><div class=\"super-grid super-shortcode\"><div data-sfuid=\"WVvNMKG3-11\" class=\"super-shortcode super_one_full super-column grid-level-2 column-number-1 first-column \"><div data-sfuid=\"BiIUIc6q-12\" id=\"sf-wrapper-1360-1-\" class=\"super-shortcode super-field super-html  bottom-left super-ungrouped  \"><div class=\"super-html-title super-bottom-margin\"\">Provincia (requerido)<\/div><div class=\"super-error-msg\">\u00a1Se requiere campo!<\/div><div class=\"super-empty-error-msg\">\u00a1Se requiere campo!<\/div><\/div><div data-sfuid=\"1g8lu59I-13\" id=\"sf-wrapper-1360-1-field_QkGXD\" class=\"super-shortcode super-field super-text super-field-type-text  bottom-left super-ungrouped  \"><div class=\"super-field-wrapper \"><input tabindex=\"-1\" class=\"super-shortcode-field\" type=\"text\" name=\"field_QkGXD\" id=\"sf-field-1360-1-field_QkGXD\" data-oname=\"field_QkGXD\" data-message=\"Campo requerido\" data-validation=\"empty\" data-email=\"Provincia:\" data-exclude=\"0\" data-absolute-default=\"\" data-default-value=\"\" \/><span class=\"super-adaptive-placeholder\" data-placeholder=\"Provincia (requerido):\" data-placeholderFilled=\"Provincia (requerido):\"><span>Provincia (requerido):<\/span><\/span><\/div><div class=\"super-error-msg\">Campo requerido<\/div><div class=\"super-empty-error-msg\">Campo requerido<\/div><\/div><div data-sfuid=\"jsGbniWa-14\" id=\"sf-wrapper-1360-1-field_wMrNM\" class=\"super-shortcode super-field super-html  bottom-left super-ungrouped  \"><div class=\"super-html-title super-bottom-margin\"\">Su comentario:<\/div><div class=\"super-error-msg\">\u00a1Se requiere campo!<\/div><div class=\"super-empty-error-msg\">\u00a1Se requiere campo!<\/div><\/div><div data-sfuid=\"MrGx9LeE-15\" id=\"sf-wrapper-1360-1-question\" class=\"super-shortcode super-field super-textarea  bottom-left super-ungrouped  \"><div class=\"super-field-wrapper \"><textarea tabindex=\"-1\" class=\"super-shortcode-field contactos\" name=\"question\" id=\"sf-field-1360-1-question\" data-oname=\"question\" data-message=\"Campo requerido\" data-email=\"Comentarios:\" data-exclude=\"0\" data-absolute-default=\"\" data-default-value=\"\" ><\/textarea><span class=\"super-adaptive-placeholder\" data-placeholder=\"Deja tus comentarios:\" data-placeholderFilled=\"Deja tus comentarios:\"><span>Deja tus comentarios:<\/span><\/span><\/div><div class=\"super-error-msg\">Campo requerido<\/div><div class=\"super-empty-error-msg\">Campo requerido<\/div><\/div><div data-sfuid=\"963Ijzhu-16\" class=\"super-shortcode super-field super-recaptcha  super-align-left bottom-left super-ungrouped  \"><div class=\"super-recaptcha align-left\" data-sitekey=\"6Lf_ZK0UAAAAANXl9nyEJNEp7nHRXDCNid7KcpOI\"><\/div><\/div><\/div><\/div><\/div><\/div><\/div><\/div><div data-color=\"#000000\" data-light=\"#141414\" data-dark=\"#000000\" data-hover-color=\"#828282\" data-hover-light=\"#969696\" data-hover-dark=\"#646464\" data-font=\"#ffffff\" data-font-hover=\"#ffffff\" data-radius=\"rounded\" data-type=\"flat\" class=\"super-extra-shortcode super-shortcode super-field super-button super-clear-none super-form-button super-radius-rounded super-type-flat super-button-large super-button-align-left super-button-width-auto\"><div data-href=\"\" class=\"super-button-wrap no_link\"><div class=\"super-button-name\" data-action=\"submit\" data-normal=\"Enviar\" data-loading=\"Enviando...\">Enviar<\/div><span class=\"super-after\"><\/span><\/div><\/div><\/form><\/div>[\/et_pb_code][\/et_pb_column][et_pb_column type=\"1_2\" _builder_version=\"3.25\" custom_padding=\"|||\" custom_padding__hover=\"|||\"][et_pb_text _builder_version=\"3.23.3\" header_font=\"||||||||\" header_2_font=\"Roboto||||||||\" header_2_text_color=\"#333333\" header_2_font_size=\"30px\" min_height=\"145px\"]<\/p>\n<h2 class=\"title\">Localizaci\u00f3n<\/h2>\n<p>&nbsp;<\/p>\n<div class=\"wpb_text_column wpb_content_element \">\n<div class=\"wpb_wrapper\">\n<p><strong>Avd. De Los Rosales 42 \u2013 Edif. Novosur 512 \u2013 28021 Madrid.<\/strong><\/p>\n<\/div>\n<\/div>\n<div class=\"vc_empty_space\"><span class=\"vc_empty_space_inner\"><\/span><\/div>\n<div class=\"vc_empty_space\"><span class=\"vc_empty_space_inner\"><\/span><\/div>\n<div class=\"vc_empty_space\"><span class=\"vc_empty_space_inner\"><\/span><\/div>\n<div class=\"wpb_text_column wpb_content_element \">\n<div class=\"wpb_wrapper\"><span style=\"text-decoration: underline;\"><span style=\"color: #000000;\"><b><a href=\"mailto:company@house-coffee.com\" data-slimstat=\"5\" style=\"color: #000000; text-decoration: underline;\">company@house-coffee.com<\/a><\/b><\/span><\/span><\/div>\n<\/div>\n<p>[\/et_pb_text][et_pb_code _builder_version=\"3.23.3\"]<iframe loading=\"lazy\" src=\"https:\/\/www.google.com\/maps\/embed?pb=!1m14!1m8!1m3!1d12160.829310666119!2d-3.682265!3d40.359927!3m2!1i1024!2i768!4f13.1!3m3!1m2!1s0x0%3A0xdcc9895175a5664a!2sM%C3%A1quinas+Vending+De+Caf%C3%A9+Para+Empresas+Y+Oficinas.+House+Coffee!5e0!3m2!1ses!2ses!4v1559289940777!5m2!1ses!2ses\" width=\"600\" height=\"450\" frameborder=\"0\" style=\"border:0\" allowfullscreen><\/iframe>[\/et_pb_code][\/et_pb_column][\/et_pb_row][\/et_pb_section]<\/p>\n","protected":false},"excerpt":{"rendered":"<p>[et_pb_section fb_built=\"1\" fullwidth=\"on\" _builder_version=\"3.22.7\" background_color=\"rgba(255,255,255,0.17)\"][et_pb_fullwidth_header _builder_version=\"3.25.4\" title_font=\"|700|||||||\" title_text_color=\"#333333\" background_color=\"#f3f3f3\" custom_margin=\"0px|0px|0px|0px|true|true\" custom_padding=\"20px|0px|20px|0px|true|true\"] Contacto [\/et_pb_fullwidth_header][\/et_pb_section][et_pb_section fb_built=\"1\" admin_label=\"section\" _builder_version=\"3.22.3\"][et_pb_row _builder_version=\"3.25\" column_structure=\"1_2,1_2\"][et_pb_column type=\"1_2\" _builder_version=\"3.25\" custom_padding=\"|||\" custom_padding__hover=\"|||\"][et_pb_text _builder_version=\"3.23.3\" header_font=\"||||||||\" header_2_font=\"Roboto||||||||\" header_2_text_color=\"#333333\" header_2_font_size=\"30px\"] Solicitud de Informaci\u00f3n [\/et_pb_text][et_pb_code _builder_version=\"3.24.1\"][\/et_pb_code][\/et_pb_column][et_pb_column type=\"1_2\" _builder_version=\"3.25\" custom_padding=\"|||\" custom_padding__hover=\"|||\"][et_pb_text _builder_version=\"3.23.3\" header_font=\"||||||||\" header_2_font=\"Roboto||||||||\" header_2_text_color=\"#333333\" header_2_font_size=\"30px\" min_height=\"145px\"] Localizaci\u00f3n &nbsp; Avd. De Los Rosales 42 \u2013 Edif. Novosur 512 \u2013 28021 [&hellip;]<\/p>\n","protected":false},"author":1,"featured_media":0,"parent":0,"menu_order":0,"comment_status":"closed","ping_status":"closed","template":"","meta":{"_et_pb_use_builder":"on","_et_pb_old_content":"\n\t\t\t\t[vc_row][vc_column width=\"1\/2\"][vc_empty_space][vc_column_text]\n<h2 class=\"title\">Solicitud de Informaci\u00f3n<\/h2>\n[\/vc_column_text][vc_empty_space][vc_column_text]\n\n[contact-form-7 id=\"4\" title=\"Contacto\"]\n\n[\/vc_column_text][\/vc_column][vc_column width=\"1\/2\"][vc_empty_space][vc_column_text]\n<h2 class=\"title\">Localizaci\u00f3n<\/h2>\n[\/vc_column_text][vc_empty_space][vc_column_text]\n\n<strong>Avd. De Los Rosales 42 \u2013 Edif. Novosur 512 \u2013 28021 Madrid.<\/strong>\n\n[\/vc_column_text][vc_empty_space height=\"10px\"][vc_column_text]<b><a href=\"mailto:company@house-coffee.com\">company@house-coffee.com<\/a><\/b>[\/vc_column_text][vc_empty_space][ultimate_google_map lat=\"40.359986\" lng=\"-3.682109\" zoom=\"17\" marker_icon=\"custom\" icon_img=\"201|https:\/\/house-coffee.es\/wp-content\/uploads\/2015\/06\/map-marker-13-house.png\" pancontrol=\"false\"]\n\n<strong>Avd. De Los Rosales 42 \u2013 Edif. Novosur 512 \u2013 28021 Madrid.<\/strong>\n\n[\/ultimate_google_map][\/vc_column][\/vc_row]\t\t","_et_gb_content_width":"","footnotes":""},"class_list":["post-53","page","type-page","status-publish","hentry"],"yoast_head":"<!-- This site is optimized with the Yoast SEO plugin v26.6 - https:\/\/yoast.com\/wordpress\/plugins\/seo\/ -->\n<title>House Coffee | Contacto<\/title>\n<meta name=\"description\" content=\"[et_pb_section fb_built=&quot;1&quot; fullwidth=&quot;on&quot; _builder_version=&quot;3.22.7&quot; background_color=&quot;rgba(255,255,255,0.17)&quot;][et_pb_fullwidth_header _builder_version=&quot;3.25.4&quot; title_font=&quot;|700|||||||&quot; title_text_color=&quot;#333333&quot; background_color=&quot;#f3f3f3&quot; custom_margin=&quot;0px|0px|0px|0px|true|true&quot; custom_padding=&quot;20px|0px|20px|0px|true|true&quot;] Contacto [\/et_pb_fullwidth_header][\/et_pb_section][et_pb_section fb_built=&quot;1&quot; admin_label=&quot;section&quot; _builder_version=&quot;3.22.3&quot;][et_pb_row _builder_version=&quot;3.25&quot; column_structure=&quot;1_2,1_2&quot;][et_pb_column type=&quot;1_2&quot; _builder_version=&quot;3.25&quot; custom_padding=&quot;|||&quot; custom_padding__hover=&quot;|||&quot;][et_pb_text _builder_version=&quot;3.23.3&quot; header_font=&quot;||||||||&quot; header_2_font=&quot;Roboto||||||||&quot; header_2_text_color=&quot;#333333&quot; header_2_font_size=&quot;30px&quot;] Solicitud de Informaci\u00f3n [\/et_pb_text][et_pb_code _builder_version=&quot;3.24.1&quot;][\/et_pb_code][\/et_pb_column][et_pb_column type=&quot;1_2&quot; _builder_version=&quot;3.25&quot; custom_padding=&quot;|||&quot; custom_padding__hover=&quot;|||&quot;][et_pb_text _builder_version=&quot;3.23.3&quot; header_font=&quot;||||||||&quot; header_2_font=&quot;Roboto||||||||&quot; header_2_text_color=&quot;#333333&quot; header_2_font_size=&quot;30px&quot; min_height=&quot;145px&quot;] Localizaci\u00f3n &nbsp; Avd. De Los Rosales 42 \u2013 Edif. Novosur 512 \u2013 28021 [&hellip;]\" \/>\n<meta name=\"robots\" content=\"index, follow, max-snippet:-1, max-image-preview:large, max-video-preview:-1\" \/>\n<link rel=\"canonical\" href=\"https:\/\/house-coffee.es\/?page_id=53\" \/>\n<meta property=\"og:locale\" content=\"es_ES\" \/>\n<meta property=\"og:type\" content=\"article\" \/>\n<meta property=\"og:title\" content=\"House Coffee | Contacto\" \/>\n<meta property=\"og:description\" content=\"Solicita informaci\u00f3n sobre m\u00e1quinas de caf\u00e9, refrescos, vending o agua o tambien para cualquier otra consulta, estaremos encantados de asesorarle.\" \/>\n<meta property=\"og:url\" content=\"https:\/\/house-coffee.es\/?page_id=53\" \/>\n<meta property=\"og:site_name\" content=\"M\u00e1quinas de caf\u00e9 para empresas y oficinas en Madrid. Vending Nestl\u00e9 Professional\" \/>\n<meta property=\"article:publisher\" content=\"https:\/\/www.facebook.com\/housecoffee.es\" \/>\n<meta property=\"article:modified_time\" content=\"2019-07-08T09:38:51+00:00\" \/>\n<meta name=\"twitter:card\" content=\"summary_large_image\" \/>\n<meta name=\"twitter:site\" content=\"@HouseCoffee\" \/>\n<meta name=\"twitter:label1\" content=\"Tiempo de lectura\" \/>\n\t<meta name=\"twitter:data1\" content=\"1 minuto\" \/>\n<script type=\"application\/ld+json\" class=\"yoast-schema-graph\">{\"@context\":\"https:\/\/schema.org\",\"@graph\":[{\"@type\":\"WebPage\",\"@id\":\"https:\/\/house-coffee.es\/?page_id=53\",\"url\":\"https:\/\/house-coffee.es\/?page_id=53\",\"name\":\"House Coffee | Contacto\",\"isPartOf\":{\"@id\":\"https:\/\/house-coffee.es\/#website\"},\"datePublished\":\"2015-06-11T18:30:39+00:00\",\"dateModified\":\"2019-07-08T09:38:51+00:00\",\"description\":\"Solicita informaci\u00f3n sobre m\u00e1quinas de caf\u00e9, refrescos, vending o agua o tambien para cualquier otra consulta, estaremos encantados de asesorarle.\",\"breadcrumb\":{\"@id\":\"https:\/\/house-coffee.es\/?page_id=53#breadcrumb\"},\"inLanguage\":\"es\",\"potentialAction\":[{\"@type\":\"ReadAction\",\"target\":[\"https:\/\/house-coffee.es\/?page_id=53\"]}]},{\"@type\":\"BreadcrumbList\",\"@id\":\"https:\/\/house-coffee.es\/?page_id=53#breadcrumb\",\"itemListElement\":[{\"@type\":\"ListItem\",\"position\":1,\"name\":\"Portada\",\"item\":\"https:\/\/house-coffee.es\/\"},{\"@type\":\"ListItem\",\"position\":2,\"name\":\"Contacto\"}]},{\"@type\":\"WebSite\",\"@id\":\"https:\/\/house-coffee.es\/#website\",\"url\":\"https:\/\/house-coffee.es\/\",\"name\":\"M\u00e1quinas de caf\u00e9 para empresas y oficinas en Madrid. Vending Nestl\u00e9 Professional\",\"description\":\"M\u00e1quinas de caf\u00e9 para empresas y oficinas. Nuestras m\u00e1quinas de caf\u00e9 para empresas y oficinas son de \u00faltima generaci\u00f3n, robustas y fiables. M\u00e1quinas vending para empresas. Estamos ubicados en Madrid pero atendemos a la zona sur de Madrid y zona norte.\",\"publisher\":{\"@id\":\"https:\/\/house-coffee.es\/#organization\"},\"potentialAction\":[{\"@type\":\"SearchAction\",\"target\":{\"@type\":\"EntryPoint\",\"urlTemplate\":\"https:\/\/house-coffee.es\/?s={search_term_string}\"},\"query-input\":{\"@type\":\"PropertyValueSpecification\",\"valueRequired\":true,\"valueName\":\"search_term_string\"}}],\"inLanguage\":\"es\"},{\"@type\":\"Organization\",\"@id\":\"https:\/\/house-coffee.es\/#organization\",\"name\":\"House Coffee\",\"url\":\"https:\/\/house-coffee.es\/\",\"logo\":{\"@type\":\"ImageObject\",\"inLanguage\":\"es\",\"@id\":\"https:\/\/house-coffee.es\/#\/schema\/logo\/image\/\",\"url\":\"https:\/\/house-coffee.es\/wp-content\/uploads\/2019\/06\/logox2.png\",\"contentUrl\":\"https:\/\/house-coffee.es\/wp-content\/uploads\/2019\/06\/logox2.png\",\"width\":300,\"height\":282,\"caption\":\"House Coffee\"},\"image\":{\"@id\":\"https:\/\/house-coffee.es\/#\/schema\/logo\/image\/\"},\"sameAs\":[\"https:\/\/www.facebook.com\/housecoffee.es\",\"https:\/\/x.com\/HouseCoffee\"]}]}<\/script>\n<!-- \/ Yoast SEO plugin. -->","yoast_head_json":{"title":"House Coffee | Contacto","description":"[et_pb_section fb_built=\"1\" fullwidth=\"on\" _builder_version=\"3.22.7\" background_color=\"rgba(255,255,255,0.17)\"][et_pb_fullwidth_header _builder_version=\"3.25.4\" title_font=\"|700|||||||\" title_text_color=\"#333333\" background_color=\"#f3f3f3\" custom_margin=\"0px|0px|0px|0px|true|true\" custom_padding=\"20px|0px|20px|0px|true|true\"] Contacto [\/et_pb_fullwidth_header][\/et_pb_section][et_pb_section fb_built=\"1\" admin_label=\"section\" _builder_version=\"3.22.3\"][et_pb_row _builder_version=\"3.25\" column_structure=\"1_2,1_2\"][et_pb_column type=\"1_2\" _builder_version=\"3.25\" custom_padding=\"|||\" custom_padding__hover=\"|||\"][et_pb_text _builder_version=\"3.23.3\" header_font=\"||||||||\" header_2_font=\"Roboto||||||||\" header_2_text_color=\"#333333\" header_2_font_size=\"30px\"] Solicitud de Informaci\u00f3n [\/et_pb_text][et_pb_code _builder_version=\"3.24.1\"][\/et_pb_code][\/et_pb_column][et_pb_column type=\"1_2\" _builder_version=\"3.25\" custom_padding=\"|||\" custom_padding__hover=\"|||\"][et_pb_text _builder_version=\"3.23.3\" header_font=\"||||||||\" header_2_font=\"Roboto||||||||\" header_2_text_color=\"#333333\" header_2_font_size=\"30px\" min_height=\"145px\"] Localizaci\u00f3n &nbsp; Avd. De Los Rosales 42 \u2013 Edif. Novosur 512 \u2013 28021 [&hellip;]","robots":{"index":"index","follow":"follow","max-snippet":"max-snippet:-1","max-image-preview":"max-image-preview:large","max-video-preview":"max-video-preview:-1"},"canonical":"https:\/\/house-coffee.es\/?page_id=53","og_locale":"es_ES","og_type":"article","og_title":"House Coffee | Contacto","og_description":"Solicita informaci\u00f3n sobre m\u00e1quinas de caf\u00e9, refrescos, vending o agua o tambien para cualquier otra consulta, estaremos encantados de asesorarle.","og_url":"https:\/\/house-coffee.es\/?page_id=53","og_site_name":"M\u00e1quinas de caf\u00e9 para empresas y oficinas en Madrid. Vending Nestl\u00e9 Professional","article_publisher":"https:\/\/www.facebook.com\/housecoffee.es","article_modified_time":"2019-07-08T09:38:51+00:00","twitter_card":"summary_large_image","twitter_site":"@HouseCoffee","twitter_misc":{"Tiempo de lectura":"1 minuto"},"schema":{"@context":"https:\/\/schema.org","@graph":[{"@type":"WebPage","@id":"https:\/\/house-coffee.es\/?page_id=53","url":"https:\/\/house-coffee.es\/?page_id=53","name":"House Coffee | Contacto","isPartOf":{"@id":"https:\/\/house-coffee.es\/#website"},"datePublished":"2015-06-11T18:30:39+00:00","dateModified":"2019-07-08T09:38:51+00:00","description":"Solicita informaci\u00f3n sobre m\u00e1quinas de caf\u00e9, refrescos, vending o agua o tambien para cualquier otra consulta, estaremos encantados de asesorarle.","breadcrumb":{"@id":"https:\/\/house-coffee.es\/?page_id=53#breadcrumb"},"inLanguage":"es","potentialAction":[{"@type":"ReadAction","target":["https:\/\/house-coffee.es\/?page_id=53"]}]},{"@type":"BreadcrumbList","@id":"https:\/\/house-coffee.es\/?page_id=53#breadcrumb","itemListElement":[{"@type":"ListItem","position":1,"name":"Portada","item":"https:\/\/house-coffee.es\/"},{"@type":"ListItem","position":2,"name":"Contacto"}]},{"@type":"WebSite","@id":"https:\/\/house-coffee.es\/#website","url":"https:\/\/house-coffee.es\/","name":"M\u00e1quinas de caf\u00e9 para empresas y oficinas en Madrid. Vending Nestl\u00e9 Professional","description":"M\u00e1quinas de caf\u00e9 para empresas y oficinas. Nuestras m\u00e1quinas de caf\u00e9 para empresas y oficinas son de \u00faltima generaci\u00f3n, robustas y fiables. M\u00e1quinas vending para empresas. Estamos ubicados en Madrid pero atendemos a la zona sur de Madrid y zona norte.","publisher":{"@id":"https:\/\/house-coffee.es\/#organization"},"potentialAction":[{"@type":"SearchAction","target":{"@type":"EntryPoint","urlTemplate":"https:\/\/house-coffee.es\/?s={search_term_string}"},"query-input":{"@type":"PropertyValueSpecification","valueRequired":true,"valueName":"search_term_string"}}],"inLanguage":"es"},{"@type":"Organization","@id":"https:\/\/house-coffee.es\/#organization","name":"House Coffee","url":"https:\/\/house-coffee.es\/","logo":{"@type":"ImageObject","inLanguage":"es","@id":"https:\/\/house-coffee.es\/#\/schema\/logo\/image\/","url":"https:\/\/house-coffee.es\/wp-content\/uploads\/2019\/06\/logox2.png","contentUrl":"https:\/\/house-coffee.es\/wp-content\/uploads\/2019\/06\/logox2.png","width":300,"height":282,"caption":"House Coffee"},"image":{"@id":"https:\/\/house-coffee.es\/#\/schema\/logo\/image\/"},"sameAs":["https:\/\/www.facebook.com\/housecoffee.es","https:\/\/x.com\/HouseCoffee"]}]}},"_links":{"self":[{"href":"https:\/\/house-coffee.es\/index.php?rest_route=\/wp\/v2\/pages\/53","targetHints":{"allow":["GET"]}}],"collection":[{"href":"https:\/\/house-coffee.es\/index.php?rest_route=\/wp\/v2\/pages"}],"about":[{"href":"https:\/\/house-coffee.es\/index.php?rest_route=\/wp\/v2\/types\/page"}],"author":[{"embeddable":true,"href":"https:\/\/house-coffee.es\/index.php?rest_route=\/wp\/v2\/users\/1"}],"replies":[{"embeddable":true,"href":"https:\/\/house-coffee.es\/index.php?rest_route=%2Fwp%2Fv2%2Fcomments&post=53"}],"version-history":[{"count":0,"href":"https:\/\/house-coffee.es\/index.php?rest_route=\/wp\/v2\/pages\/53\/revisions"}],"wp:attachment":[{"href":"https:\/\/house-coffee.es\/index.php?rest_route=%2Fwp%2Fv2%2Fmedia&parent=53"}],"curies":[{"name":"wp","href":"https:\/\/api.w.org\/{rel}","templated":true}]}}