{"id":51,"date":"2015-06-11T18:28:23","date_gmt":"2015-06-11T18:28:23","guid":{"rendered":"https:\/\/house-coffee.es\/?page_id=23"},"modified":"2019-06-20T09:02:15","modified_gmt":"2019-06-20T09:02:15","slug":"complementos-del-cafe","status":"publish","type":"page","link":"https:\/\/house-coffee.es\/?page_id=51","title":{"rendered":"Complementos del caf\u00e9"},"content":{"rendered":"<p>[et_pb_section fb_built=\"1\" fullwidth=\"on\" _builder_version=\"3.22.7\" background_color=\"rgba(255,255,255,0.17)\"][et_pb_fullwidth_header _builder_version=\"3.23.3\" title_font=\"Roboto|700|||||||\" title_text_align=\"left\" title_text_color=\"#333333\" background_color=\"#f3f3f3\" custom_margin=\"0px|0px|0px|0px|true|true\" custom_padding=\"20px|0px|20px|0px|true|true\"]<\/p>\n<h1 class=\"h1-size\"><span style=\"color: #000000;\">Complementos del caf\u00e9<\/span><\/h1>\n<p>[\/et_pb_fullwidth_header][\/et_pb_section][et_pb_section fb_built=\"1\" admin_label=\"section\" _builder_version=\"3.22.3\"][et_pb_row admin_label=\"row\" _builder_version=\"3.22.3\" background_size=\"initial\" background_position=\"top_left\" background_repeat=\"repeat\"][et_pb_column type=\"4_4\" _builder_version=\"3.0.47\"][et_pb_text _builder_version=\"3.23.3\" header_font=\"||||||||\" header_line_height=\"1.4em\" header_2_font=\"Roboto|700|||||||\" header_2_text_color=\"#333333\" header_2_font_size=\"30px\" header_2_line_height=\"1.3em\"]<\/p>\n<div class=\"wpb_text_column wpb_content_element \">\n<div class=\"wpb_wrapper\">\n<div class=\"page\" title=\"Page 2\">\n<div class=\"layoutArea\">\n<div class=\"column\">\n<h2><strong>STICKS INDIVIDUALES LA LECHERA,<span>\u00a0<\/span><\/strong><strong>EL TOQUE PERFECTO PARA UN BUEN CAF\u00c9 BOMB\u00d3N<\/strong><\/h2>\n<\/div>\n<\/div>\n<\/div>\n<\/div>\n<\/div>\n<p>[\/et_pb_text][\/et_pb_column][\/et_pb_row][et_pb_row custom_padding=\"||60px|||\" _builder_version=\"3.22.7\"][et_pb_column type=\"1_2\" _builder_version=\"3.22.7\"][et_pb_image src=\"https:\/\/house-coffee.es\/wp-content\/uploads\/2019\/05\/leche-condensada.jpg\" alt=\"Imagen de leche condensada %22La Lechera%22\" title_text=\"Imagen de leche condensada %22La Lechera%22\" align=\"center\" align_tablet=\"center\" align_last_edited=\"on|desktop\" _builder_version=\"3.24.1\" module_class=\"imgancho\"][\/et_pb_image][\/et_pb_column][et_pb_column type=\"1_2\" _builder_version=\"3.22.7\"][et_pb_image src=\"https:\/\/house-coffee.es\/wp-content\/uploads\/2019\/05\/logo-lechera.jpg\" alt=\"Logotipo de %22La Lechera%22\" title_text=\"Logotipo de %22La Lechera%22\" align=\"center\" align_tablet=\"center\" align_last_edited=\"on|desktop\" _builder_version=\"3.24.1\" module_class=\"imgancho\"][\/et_pb_image][et_pb_text _builder_version=\"3.23.3\" text_font=\"Roboto||||||||\" header_font=\"||||||||\" header_3_font=\"||||||||\" header_4_font=\"Roboto|500|||||||\" header_4_text_color=\"#777777\" header_4_font_size=\"16px\" header_4_line_height=\"1.2em\"]<\/p>\n<h4><strong>LA LECHERA DE NESTL\u00c9<\/strong><\/h4>\n<p>Desde siempre ha sido nuestra marca preferida de leche condensada porque es 100% leche de Galicia, recogida a diario y la \u00fanica que garantiza el mismo sabor en cada sobre.<\/p>\n<p>Leche condensada La Lechera es apta para una dieta sin gluten y est\u00e1 avalada por la marca Nestl\u00e9, l\u00edder en nutrici\u00f3n y bienestar.Presentado en cajas de 50 uds.<\/p>\n<p>[\/et_pb_text][\/et_pb_column][\/et_pb_row][et_pb_row _builder_version=\"3.22.7\"][et_pb_column type=\"4_4\" _builder_version=\"3.22.7\"][et_pb_text _builder_version=\"3.23.3\" header_font=\"||||||||\" header_2_font=\"Roboto|700|||||||\" header_2_text_color=\"#333333\" header_2_font_size=\"30px\" header_2_line_height=\"1.3em\" custom_margin=\"26px||26px|||\"]<\/p>\n<h2><strong>GALLETAS SPECULOOS,<span>\u00a0<\/span><\/strong><strong>LA MEJOR COMBINACI\u00d3N PARA TU CAF\u00c9<\/strong><\/h2>\n<p>[\/et_pb_text][\/et_pb_column][\/et_pb_row][et_pb_row custom_margin=\"|auto|27px|auto||\" _builder_version=\"3.22.7\"][et_pb_column type=\"1_2\" _builder_version=\"3.22.7\"][et_pb_image src=\"https:\/\/house-coffee.es\/wp-content\/uploads\/2019\/05\/logo-vermeiren.jpg\" alt=\"Logotipo de la marca Vermeiren\" title_text=\"Logotipo de la marca Vermeiren\" align=\"center\" align_tablet=\"center\" align_last_edited=\"on|desktop\" _builder_version=\"3.23.3\" custom_margin=\"||44px|||\"][\/et_pb_image][et_pb_text _builder_version=\"3.23.3\" text_font=\"Roboto||||||||\" text_text_color=\"#777777\"]<\/p>\n<p>Se trata de una de las galletas Belgas m\u00e1s reconocidas a nivel mundial que comenzaron a fabricarse en 1919, de ah\u00ed que a d\u00eda de hoy mantegan su forma artesanal, ya que por aquel entonces se hac\u00edan a mano y \u00e9sta era su forma original.<\/p>\n<p>Est\u00e1n consideradas como las genuinas Speculoos por ser las primeras, adem\u00e1s de ser reconocidas como un producto Gourmet por tratarse de un producto totalmente natural que no contiene ning\u00fan tipo de colorante ni conservante.<\/p>\n<p>\u00a1Disfruta de sus Exquisitas Variedades!! Podr\u00e1s elegir entre el sabor tradicional de canela, el rico chocolate o la deliciosa almendra.<\/p>\n<p>Presentado en cajas de 300 uds.<\/p>\n<p>[\/et_pb_text][\/et_pb_column][et_pb_column type=\"1_2\" _builder_version=\"3.22.7\"][et_pb_image src=\"https:\/\/house-coffee.es\/wp-content\/uploads\/2019\/05\/vermeiren.jpg\" alt=\"Imagen de los productos de la marca Vermeiren\" title_text=\"Imagen de los productos de la marca Vermeiren\" align=\"center\" align_tablet=\"center\" align_last_edited=\"on|desktop\" _builder_version=\"3.24.1\" module_class=\"imgancho\"][\/et_pb_image][\/et_pb_column][\/et_pb_row][et_pb_row _builder_version=\"3.22.7\"][et_pb_column type=\"4_4\" _builder_version=\"3.22.7\"][et_pb_text _builder_version=\"3.23.3\" header_font=\"||||||||\" header_2_font=\"Roboto|700|||||||\" header_2_text_color=\"#333333\" header_2_font_size=\"39px\" custom_margin=\"23px|||||\" custom_padding=\"||28px|||\"]<\/p>\n<h2><strong>CHOCOLATINAS INDIVIDUALES COFEE DETAILS (49% DE CACAO)<\/strong><\/h2>\n<p>[\/et_pb_text][\/et_pb_column][\/et_pb_row][et_pb_row _builder_version=\"3.22.7\"][et_pb_column type=\"1_2\" _builder_version=\"3.22.7\"][et_pb_image src=\"https:\/\/house-coffee.es\/wp-content\/uploads\/2019\/05\/chocolates.jpg\" alt=\"Imagen de las chocolatinas individuales Cofee Details\" title_text=\"Imagen de las chocolatinas individuales Cofee Details\" align=\"center\" align_tablet=\"center\" align_last_edited=\"on|desktop\" _builder_version=\"3.24.1\" module_class=\"imgancho\"][\/et_pb_image][\/et_pb_column][et_pb_column type=\"1_2\" _builder_version=\"3.22.7\"][et_pb_text _builder_version=\"3.23.3\" text_font=\"Roboto||||||||\" text_text_color=\"#777777\"]<\/p>\n<p>Un pedacito de chocolate con un caf\u00e9 expreso es, sin duda, una excelente manera de poner el broche de oro a la pausa m\u00e1s esperada.<\/p>\n<p>Presentado en cajas de 400 uds.<\/p>\n<p>[\/et_pb_text][\/et_pb_column][\/et_pb_row][\/et_pb_section]<\/p>\n","protected":false},"excerpt":{"rendered":"<p>[et_pb_section fb_built=\"1\" fullwidth=\"on\" _builder_version=\"3.22.7\" background_color=\"rgba(255,255,255,0.17)\"][et_pb_fullwidth_header _builder_version=\"3.23.3\" title_font=\"Roboto|700|||||||\" title_text_align=\"left\" title_text_color=\"#333333\" background_color=\"#f3f3f3\" custom_margin=\"0px|0px|0px|0px|true|true\" custom_padding=\"20px|0px|20px|0px|true|true\"] Complementos del caf\u00e9 [\/et_pb_fullwidth_header][\/et_pb_section][et_pb_section fb_built=\"1\" admin_label=\"section\" _builder_version=\"3.22.3\"][et_pb_row admin_label=\"row\" _builder_version=\"3.22.3\" background_size=\"initial\" background_position=\"top_left\" background_repeat=\"repeat\"][et_pb_column type=\"4_4\" _builder_version=\"3.0.47\"][et_pb_text _builder_version=\"3.23.3\" header_font=\"||||||||\" header_line_height=\"1.4em\" header_2_font=\"Roboto|700|||||||\" header_2_text_color=\"#333333\" header_2_font_size=\"30px\" header_2_line_height=\"1.3em\"] STICKS INDIVIDUALES LA LECHERA,\u00a0EL TOQUE PERFECTO PARA UN BUEN CAF\u00c9 BOMB\u00d3N [\/et_pb_text][\/et_pb_column][\/et_pb_row][et_pb_row custom_padding=\"||60px|||\" _builder_version=\"3.22.7\"][et_pb_column type=\"1_2\" _builder_version=\"3.22.7\"][et_pb_image src=\"https:\/\/house-coffee.es\/wp-content\/uploads\/2019\/05\/leche-condensada.jpg\" alt=\"Imagen de leche condensada %22La [&hellip;]<\/p>\n","protected":false},"author":1,"featured_media":0,"parent":0,"menu_order":0,"comment_status":"closed","ping_status":"open","template":"","meta":{"_et_pb_use_builder":"on","_et_pb_old_content":"\n\t\t\t\t[vc_row margin_top=\"0\" margin_bottom=\"0\"][vc_column][vc_empty_space][vc_column_text]\n<div class=\"page\" title=\"Page 2\">\n<div class=\"layoutArea\">\n<div class=\"column\">\n<h2><strong>STICKS INDIVIDUALES LA LECHERA, <\/strong><strong>EL TOQUE PERFECTO PARA UN BUEN CAFE? BOMBO?N<\/strong><\/h2>\n<\/div>\n<\/div>\n<\/div>\n[\/vc_column_text][vc_empty_space][vc_row_inner][vc_column_inner width=\"1\/2\"][vc_single_image image=\"302\" img_size=\"full\" alignment=\"center\"][\/vc_column_inner][vc_column_inner width=\"1\/2\"][vc_single_image image=\"303\" img_size=\"full\" alignment=\"center\" css=\".vc_custom_1447620432581{margin-bottom: 20px !important;}\"][vc_column_text]<strong>LA LECHERA DE NESTLE?<\/strong>\n\nDesde siempre ha sido nuestra marca preferida de leche condensada porque es 100% leche de Galicia, recogida a diario y la u?nica que garantiza el mismo sabor en cada sobre.\n\nLeche condensada La Lechera es apta para una dieta sin gluten y esta? avalada por la marca Nestle?, li?der en nutricio?n y bienestar.Presentado en cajas de 50 uds.[\/vc_column_text][\/vc_column_inner][\/vc_row_inner][vc_empty_space height=\"48px\"][\/vc_column][\/vc_row][vc_row margin_top=\"0\" margin_bottom=\"0\"][vc_column][vc_empty_space][vc_column_text]\n<div class=\"page\" title=\"Page 3\">\n<div class=\"layoutArea\">\n<div class=\"column\">\n<h2><strong>GALLETAS SPECULOOS, <\/strong><strong>LA MEJOR COMBINACIO?N PARA TU CAFE?<\/strong><\/h2>\n<\/div>\n<\/div>\n<\/div>\n[\/vc_column_text][vc_empty_space][vc_row_inner][vc_column_inner width=\"1\/2\"][vc_single_image image=\"354\" img_size=\"full\" alignment=\"center\" css=\".vc_custom_1448805990309{margin-top: 50px !important;margin-bottom: 50px !important;}\"][vc_column_text]Se trata de una de las galletas Belgas ma?s reconocidas a nivel mundial que comenzaron a fabricarse en 1919, de ahi? que a di?a de hoy mantegan su forma artesanal, ya que por aquel entonces se haci?an a mano y e?sta era su forma original.\n\nEsta?n consideradas como las genuinas Speculoos por ser las primeras, adema?s de ser reconocidas como un producto Gourmet por tratarse de un producto totalmente natural que no contiene ningu?n tipo de colorante ni conservante.\n\n\u00a1Disfruta de sus Exquisitas Variedades!! Podra?s elegir entre el sabor tradicional de canela, el rico chocolate o la deliciosa almendra.\n\nPresentado en cajas de 300 uds.[\/vc_column_text][\/vc_column_inner][vc_column_inner width=\"1\/2\"][vc_empty_space][vc_single_image image=\"309\" img_size=\"full\" alignment=\"center\"][\/vc_column_inner][\/vc_row_inner][vc_empty_space height=\"48px\"][\/vc_column][\/vc_row][vc_row margin_top=\"0\" margin_bottom=\"0\"][vc_column][vc_empty_space][vc_column_text]\n<div class=\"page\" title=\"Page 2\">\n<div class=\"layoutArea\">\n<div class=\"column\">\n<div class=\"page\" title=\"Page 4\">\n<div class=\"layoutArea\">\n<div class=\"column\">\n<h2><strong>CHOCOLATINAS INDIVIDUALES COFEE DETAILS (49% DE CACAO)<\/strong><\/h2>\n<\/div>\n<\/div>\n<\/div>\n<\/div>\n<\/div>\n<\/div>\n[\/vc_column_text][vc_empty_space][vc_row_inner][vc_column_inner width=\"1\/2\"][vc_empty_space][vc_single_image image=\"305\" img_size=\"full\" alignment=\"center\"][\/vc_column_inner][vc_column_inner width=\"1\/2\"][vc_empty_space height=\"50px\"][vc_column_text]Un pedacito de chocolate con un cafe? expreso es, sin duda, una excelente manera de poner el broche de oro a la pausa ma?s esperada.\n\nPresentado en cajas de 400 uds.[\/vc_column_text][\/vc_column_inner][\/vc_row_inner][\/vc_column][\/vc_row]\t\t","_et_gb_content_width":"","footnotes":""},"class_list":["post-51","page","type-page","status-publish","hentry"],"yoast_head":"<!-- This site is optimized with the Yoast SEO plugin v26.6 - https:\/\/yoast.com\/wordpress\/plugins\/seo\/ -->\n<title>House Coffee | Complementos gourmet para caf\u00e9 en empresa<\/title>\n<meta name=\"description\" content=\"[et_pb_section fb_built=&quot;1&quot; fullwidth=&quot;on&quot; _builder_version=&quot;3.22.7&quot; background_color=&quot;rgba(255,255,255,0.17)&quot;][et_pb_fullwidth_header _builder_version=&quot;3.23.3&quot; title_font=&quot;Roboto|700|||||||&quot; title_text_align=&quot;left&quot; title_text_color=&quot;#333333&quot; background_color=&quot;#f3f3f3&quot; custom_margin=&quot;0px|0px|0px|0px|true|true&quot; custom_padding=&quot;20px|0px|20px|0px|true|true&quot;] Complementos del caf\u00e9 [\/et_pb_fullwidth_header][\/et_pb_section][et_pb_section fb_built=&quot;1&quot; admin_label=&quot;section&quot; _builder_version=&quot;3.22.3&quot;][et_pb_row admin_label=&quot;row&quot; _builder_version=&quot;3.22.3&quot; background_size=&quot;initial&quot; background_position=&quot;top_left&quot; background_repeat=&quot;repeat&quot;][et_pb_column type=&quot;4_4&quot; _builder_version=&quot;3.0.47&quot;][et_pb_text _builder_version=&quot;3.23.3&quot; header_font=&quot;||||||||&quot; header_line_height=&quot;1.4em&quot; header_2_font=&quot;Roboto|700|||||||&quot; header_2_text_color=&quot;#333333&quot; header_2_font_size=&quot;30px&quot; header_2_line_height=&quot;1.3em&quot;] STICKS INDIVIDUALES LA LECHERA,\u00a0EL TOQUE PERFECTO PARA UN BUEN CAF\u00c9 BOMB\u00d3N [\/et_pb_text][\/et_pb_column][\/et_pb_row][et_pb_row custom_padding=&quot;||60px|||&quot; _builder_version=&quot;3.22.7&quot;][et_pb_column type=&quot;1_2&quot; _builder_version=&quot;3.22.7&quot;][et_pb_image src=&quot;https:\/\/house-coffee.es\/wp-content\/uploads\/2019\/05\/leche-condensada.jpg&quot; alt=&quot;Imagen de leche condensada %22La [&hellip;]\" \/>\n<meta name=\"robots\" content=\"index, follow, max-snippet:-1, max-image-preview:large, max-video-preview:-1\" \/>\n<link rel=\"canonical\" href=\"https:\/\/house-coffee.es\/?page_id=51\" \/>\n<meta property=\"og:locale\" content=\"es_ES\" \/>\n<meta property=\"og:type\" content=\"article\" \/>\n<meta property=\"og:title\" content=\"House Coffee | Complementos gourmet para caf\u00e9 en empresa\" \/>\n<meta property=\"og:description\" content=\"Excelente servicio de complementos gourmet para el caf\u00e9 en su empresa. Servicio de complementos gourmet de caf\u00e9 a cualquier tipo de empresa o negocio.\" \/>\n<meta property=\"og:url\" content=\"https:\/\/house-coffee.es\/?page_id=51\" \/>\n<meta property=\"og:site_name\" content=\"M\u00e1quinas de caf\u00e9 para empresas y oficinas en Madrid. Vending Nestl\u00e9 Professional\" \/>\n<meta property=\"article:publisher\" content=\"https:\/\/www.facebook.com\/housecoffee.es\" \/>\n<meta property=\"article:modified_time\" content=\"2019-06-20T09:02:15+00:00\" \/>\n<meta name=\"twitter:card\" content=\"summary_large_image\" \/>\n<meta name=\"twitter:site\" content=\"@HouseCoffee\" \/>\n<meta name=\"twitter:label1\" content=\"Tiempo de lectura\" \/>\n\t<meta name=\"twitter:data1\" content=\"4 minutos\" \/>\n<script type=\"application\/ld+json\" class=\"yoast-schema-graph\">{\"@context\":\"https:\/\/schema.org\",\"@graph\":[{\"@type\":\"WebPage\",\"@id\":\"https:\/\/house-coffee.es\/?page_id=51\",\"url\":\"https:\/\/house-coffee.es\/?page_id=51\",\"name\":\"House Coffee | Complementos gourmet para caf\u00e9 en empresa\",\"isPartOf\":{\"@id\":\"https:\/\/house-coffee.es\/#website\"},\"datePublished\":\"2015-06-11T18:28:23+00:00\",\"dateModified\":\"2019-06-20T09:02:15+00:00\",\"description\":\"Excelente servicio de complementos gourmet para el caf\u00e9 en su empresa. Servicio de complementos gourmet de caf\u00e9 a cualquier tipo de empresa o negocio.\",\"breadcrumb\":{\"@id\":\"https:\/\/house-coffee.es\/?page_id=51#breadcrumb\"},\"inLanguage\":\"es\",\"potentialAction\":[{\"@type\":\"ReadAction\",\"target\":[\"https:\/\/house-coffee.es\/?page_id=51\"]}]},{\"@type\":\"BreadcrumbList\",\"@id\":\"https:\/\/house-coffee.es\/?page_id=51#breadcrumb\",\"itemListElement\":[{\"@type\":\"ListItem\",\"position\":1,\"name\":\"Portada\",\"item\":\"https:\/\/house-coffee.es\/\"},{\"@type\":\"ListItem\",\"position\":2,\"name\":\"Complementos del caf\u00e9\"}]},{\"@type\":\"WebSite\",\"@id\":\"https:\/\/house-coffee.es\/#website\",\"url\":\"https:\/\/house-coffee.es\/\",\"name\":\"M\u00e1quinas de caf\u00e9 para empresas y oficinas en Madrid. Vending Nestl\u00e9 Professional\",\"description\":\"M\u00e1quinas de caf\u00e9 para empresas y oficinas. Nuestras m\u00e1quinas de caf\u00e9 para empresas y oficinas son de \u00faltima generaci\u00f3n, robustas y fiables. M\u00e1quinas vending para empresas. Estamos ubicados en Madrid pero atendemos a la zona sur de Madrid y zona norte.\",\"publisher\":{\"@id\":\"https:\/\/house-coffee.es\/#organization\"},\"potentialAction\":[{\"@type\":\"SearchAction\",\"target\":{\"@type\":\"EntryPoint\",\"urlTemplate\":\"https:\/\/house-coffee.es\/?s={search_term_string}\"},\"query-input\":{\"@type\":\"PropertyValueSpecification\",\"valueRequired\":true,\"valueName\":\"search_term_string\"}}],\"inLanguage\":\"es\"},{\"@type\":\"Organization\",\"@id\":\"https:\/\/house-coffee.es\/#organization\",\"name\":\"House Coffee\",\"url\":\"https:\/\/house-coffee.es\/\",\"logo\":{\"@type\":\"ImageObject\",\"inLanguage\":\"es\",\"@id\":\"https:\/\/house-coffee.es\/#\/schema\/logo\/image\/\",\"url\":\"https:\/\/house-coffee.es\/wp-content\/uploads\/2019\/06\/logox2.png\",\"contentUrl\":\"https:\/\/house-coffee.es\/wp-content\/uploads\/2019\/06\/logox2.png\",\"width\":300,\"height\":282,\"caption\":\"House Coffee\"},\"image\":{\"@id\":\"https:\/\/house-coffee.es\/#\/schema\/logo\/image\/\"},\"sameAs\":[\"https:\/\/www.facebook.com\/housecoffee.es\",\"https:\/\/x.com\/HouseCoffee\"]}]}<\/script>\n<!-- \/ Yoast SEO plugin. -->","yoast_head_json":{"title":"House Coffee | Complementos gourmet para caf\u00e9 en empresa","description":"[et_pb_section fb_built=\"1\" fullwidth=\"on\" _builder_version=\"3.22.7\" background_color=\"rgba(255,255,255,0.17)\"][et_pb_fullwidth_header _builder_version=\"3.23.3\" title_font=\"Roboto|700|||||||\" title_text_align=\"left\" title_text_color=\"#333333\" background_color=\"#f3f3f3\" custom_margin=\"0px|0px|0px|0px|true|true\" custom_padding=\"20px|0px|20px|0px|true|true\"] Complementos del caf\u00e9 [\/et_pb_fullwidth_header][\/et_pb_section][et_pb_section fb_built=\"1\" admin_label=\"section\" _builder_version=\"3.22.3\"][et_pb_row admin_label=\"row\" _builder_version=\"3.22.3\" background_size=\"initial\" background_position=\"top_left\" background_repeat=\"repeat\"][et_pb_column type=\"4_4\" _builder_version=\"3.0.47\"][et_pb_text _builder_version=\"3.23.3\" header_font=\"||||||||\" header_line_height=\"1.4em\" header_2_font=\"Roboto|700|||||||\" header_2_text_color=\"#333333\" header_2_font_size=\"30px\" header_2_line_height=\"1.3em\"] STICKS INDIVIDUALES LA LECHERA,\u00a0EL TOQUE PERFECTO PARA UN BUEN CAF\u00c9 BOMB\u00d3N [\/et_pb_text][\/et_pb_column][\/et_pb_row][et_pb_row custom_padding=\"||60px|||\" _builder_version=\"3.22.7\"][et_pb_column type=\"1_2\" _builder_version=\"3.22.7\"][et_pb_image src=\"https:\/\/house-coffee.es\/wp-content\/uploads\/2019\/05\/leche-condensada.jpg\" alt=\"Imagen de leche condensada %22La [&hellip;]","robots":{"index":"index","follow":"follow","max-snippet":"max-snippet:-1","max-image-preview":"max-image-preview:large","max-video-preview":"max-video-preview:-1"},"canonical":"https:\/\/house-coffee.es\/?page_id=51","og_locale":"es_ES","og_type":"article","og_title":"House Coffee | Complementos gourmet para caf\u00e9 en empresa","og_description":"Excelente servicio de complementos gourmet para el caf\u00e9 en su empresa. Servicio de complementos gourmet de caf\u00e9 a cualquier tipo de empresa o negocio.","og_url":"https:\/\/house-coffee.es\/?page_id=51","og_site_name":"M\u00e1quinas de caf\u00e9 para empresas y oficinas en Madrid. Vending Nestl\u00e9 Professional","article_publisher":"https:\/\/www.facebook.com\/housecoffee.es","article_modified_time":"2019-06-20T09:02:15+00:00","twitter_card":"summary_large_image","twitter_site":"@HouseCoffee","twitter_misc":{"Tiempo de lectura":"4 minutos"},"schema":{"@context":"https:\/\/schema.org","@graph":[{"@type":"WebPage","@id":"https:\/\/house-coffee.es\/?page_id=51","url":"https:\/\/house-coffee.es\/?page_id=51","name":"House Coffee | Complementos gourmet para caf\u00e9 en empresa","isPartOf":{"@id":"https:\/\/house-coffee.es\/#website"},"datePublished":"2015-06-11T18:28:23+00:00","dateModified":"2019-06-20T09:02:15+00:00","description":"Excelente servicio de complementos gourmet para el caf\u00e9 en su empresa. Servicio de complementos gourmet de caf\u00e9 a cualquier tipo de empresa o negocio.","breadcrumb":{"@id":"https:\/\/house-coffee.es\/?page_id=51#breadcrumb"},"inLanguage":"es","potentialAction":[{"@type":"ReadAction","target":["https:\/\/house-coffee.es\/?page_id=51"]}]},{"@type":"BreadcrumbList","@id":"https:\/\/house-coffee.es\/?page_id=51#breadcrumb","itemListElement":[{"@type":"ListItem","position":1,"name":"Portada","item":"https:\/\/house-coffee.es\/"},{"@type":"ListItem","position":2,"name":"Complementos del caf\u00e9"}]},{"@type":"WebSite","@id":"https:\/\/house-coffee.es\/#website","url":"https:\/\/house-coffee.es\/","name":"M\u00e1quinas de caf\u00e9 para empresas y oficinas en Madrid. Vending Nestl\u00e9 Professional","description":"M\u00e1quinas de caf\u00e9 para empresas y oficinas. Nuestras m\u00e1quinas de caf\u00e9 para empresas y oficinas son de \u00faltima generaci\u00f3n, robustas y fiables. M\u00e1quinas vending para empresas. Estamos ubicados en Madrid pero atendemos a la zona sur de Madrid y zona norte.","publisher":{"@id":"https:\/\/house-coffee.es\/#organization"},"potentialAction":[{"@type":"SearchAction","target":{"@type":"EntryPoint","urlTemplate":"https:\/\/house-coffee.es\/?s={search_term_string}"},"query-input":{"@type":"PropertyValueSpecification","valueRequired":true,"valueName":"search_term_string"}}],"inLanguage":"es"},{"@type":"Organization","@id":"https:\/\/house-coffee.es\/#organization","name":"House Coffee","url":"https:\/\/house-coffee.es\/","logo":{"@type":"ImageObject","inLanguage":"es","@id":"https:\/\/house-coffee.es\/#\/schema\/logo\/image\/","url":"https:\/\/house-coffee.es\/wp-content\/uploads\/2019\/06\/logox2.png","contentUrl":"https:\/\/house-coffee.es\/wp-content\/uploads\/2019\/06\/logox2.png","width":300,"height":282,"caption":"House Coffee"},"image":{"@id":"https:\/\/house-coffee.es\/#\/schema\/logo\/image\/"},"sameAs":["https:\/\/www.facebook.com\/housecoffee.es","https:\/\/x.com\/HouseCoffee"]}]}},"_links":{"self":[{"href":"https:\/\/house-coffee.es\/index.php?rest_route=\/wp\/v2\/pages\/51","targetHints":{"allow":["GET"]}}],"collection":[{"href":"https:\/\/house-coffee.es\/index.php?rest_route=\/wp\/v2\/pages"}],"about":[{"href":"https:\/\/house-coffee.es\/index.php?rest_route=\/wp\/v2\/types\/page"}],"author":[{"embeddable":true,"href":"https:\/\/house-coffee.es\/index.php?rest_route=\/wp\/v2\/users\/1"}],"replies":[{"embeddable":true,"href":"https:\/\/house-coffee.es\/index.php?rest_route=%2Fwp%2Fv2%2Fcomments&post=51"}],"version-history":[{"count":0,"href":"https:\/\/house-coffee.es\/index.php?rest_route=\/wp\/v2\/pages\/51\/revisions"}],"wp:attachment":[{"href":"https:\/\/house-coffee.es\/index.php?rest_route=%2Fwp%2Fv2%2Fmedia&parent=51"}],"curies":[{"name":"wp","href":"https:\/\/api.w.org\/{rel}","templated":true}]}}