{"id":49,"date":"2015-06-11T18:26:32","date_gmt":"2015-06-11T18:26:32","guid":{"rendered":"https:\/\/house-coffee.es\/?page_id=19"},"modified":"2019-07-12T12:38:58","modified_gmt":"2019-07-12T12:38:58","slug":"maquinas-vending-combi","status":"publish","type":"page","link":"https:\/\/house-coffee.es\/?page_id=49","title":{"rendered":"M\u00e1quinas vending Combi (Caf\u00e9 + Refrescos + Snacks)"},"content":{"rendered":"<p>[et_pb_section fb_built=\"1\" fullwidth=\"on\" _builder_version=\"3.22.7\" background_color=\"rgba(255,255,255,0.17)\"][et_pb_fullwidth_header _builder_version=\"3.23.3\" title_level=\"h2\" title_font=\"Roboto|700|||||||\" title_text_color=\"#333333\" background_color=\"#F3F3F3\" custom_margin=\"0px|0px|0px|0px|true|true\" custom_padding=\"20px||20px||true\"]<\/p>\n<h1 class=\"h1-size\"><span style=\"color: #000000;\">M\u00e1quinas vending Combi (Caf\u00e9 + Refrescos + Snacks)<\/span><\/h1>\n<p>[\/et_pb_fullwidth_header][\/et_pb_section][et_pb_section fb_built=\"1\" admin_label=\"section\" _builder_version=\"3.22.3\"][et_pb_row admin_label=\"row\" _builder_version=\"3.25\" background_size=\"initial\" background_position=\"top_left\" background_repeat=\"repeat\"][et_pb_column type=\"4_4\" _builder_version=\"3.25\" custom_padding=\"|||\" custom_padding__hover=\"|||\"][et_pb_text _builder_version=\"3.23.3\" text_font=\"Roboto||||||||\" text_text_color=\"#777777\" header_font=\"||||||||\" header_2_font=\"Roboto||||||||\" header_2_text_color=\"#333333\" header_2_font_size=\"30px\"]<\/p>\n<div class=\"wpb_text_column wpb_content_element \">\n<div class=\"wpb_wrapper\">\n<h2>Vending Saludable 100% Natural<\/h2>\n<\/div>\n<\/div>\n<div class=\"vc_empty_space\"><span class=\"vc_empty_space_inner\"><\/span><\/div>\n<div class=\"wpb_text_column wpb_content_element \">\n<div class=\"wpb_wrapper\">\n<p>Para crear un excelente ambiente de trabajo y lograr un \u00f3ptimo rendimiento se debe de apostar por una<span>\u00a0<\/span><strong>alimentaci\u00f3n equilibrada, sana y de calidad.<\/strong><\/p>\n<p>Por este motivo, en nuestras m\u00e1quina vending, ofrecemos gran variedad de productos<span>\u00a0<\/span><strong>100% naturales<\/strong>, equilibrados e ideales para mantener una alimentaci\u00f3n adecuada.<\/p>\n<p>&nbsp;<\/p>\n<\/div>\n<\/div>\n<div class=\"vc_empty_space\"><span class=\"vc_empty_space_inner\"><\/span><\/div>\n<div class=\"wpb_text_column wpb_content_element \">\n<div class=\"wpb_wrapper\">\n<\/p>\n<h2>Plan vending personalizado para su empresa<\/h2>\n<\/div>\n<\/div>\n<div class=\"vc_empty_space\"><span class=\"vc_empty_space_inner\"><\/span><\/div>\n<div class=\"wpb_text_column wpb_content_element \">\n<div class=\"wpb_wrapper\">\n<p>Sabemos que cada empresa tiene sus propios valores y necesidades. Por este motivo, ofrecemos la posibilidad de<span>\u00a0<\/span><strong>personalizar las m\u00e1quinas<\/strong><span>\u00a0<\/span>con los productos que mejor se adapten a los h\u00e1bitos alimentarios y necesidades de cada empresa:<span>\u00a0<\/span><strong>productos sin gluten, integrales, ecol\u00f3gicos, sin az\u00facar\u2026<\/strong><\/p>\n<p><strong><\/strong><\/p>\n<p><strong><\/strong><\/p>\n<\/div>\n<\/div>\n<div class=\"vc_empty_space\"><span class=\"vc_empty_space_inner\"><\/span><\/div>\n<div class=\"vc_empty_space\"><span class=\"vc_empty_space_inner\"><\/span><\/div>\n<div class=\"wpb_text_column wpb_content_element \">\n<div class=\"wpb_wrapper\">\n<\/p>\n<h2>M\u00e1quinas vending de \u00faltima generaci\u00f3n<\/h2>\n<\/div>\n<\/div>\n<div class=\"vc_empty_space\"><span class=\"vc_empty_space_inner\"><\/span><\/div>\n<div class=\"wpb_text_column wpb_content_element \">\n<div class=\"wpb_wrapper\">\n<p>Nuestras m\u00e1quinas vending expendedoras de alimentos cuentan con la m\u00e1s moderna tecnolog\u00eda y disponen de separaci\u00f3n de ambientes en una misma m\u00e1quina con el fin de mantener cada producto a la temperatura adecuada.<\/p>\n<p>&nbsp;<\/p>\n<p>&nbsp;<\/p>\n<\/div>\n<\/div>\n<p>[\/et_pb_text][\/et_pb_column][\/et_pb_row][et_pb_row custom_margin=\"|auto|50px|auto||\" _builder_version=\"3.25\" column_structure=\"1_3,1_3,1_3\"][et_pb_column type=\"1_3\" _builder_version=\"3.25\" custom_padding=\"|||\" custom_padding__hover=\"|||\"][et_pb_image src=\"https:\/\/house-coffee.es\/wp-content\/uploads\/2019\/05\/versoCombi.jpg\" alt=\"Imagen de la maquina Verso Combi\" title_text=\"Imagen de la maquina Verso Combi\" align_tablet=\"center\" align_last_edited=\"on|desktop\" module_class=\"imgancho\" _builder_version=\"3.25.4\" width=\"104%\" max_width=\"107%\" min_height=\"1000px\" module_alignment=\"center\" custom_margin=\"-15px||\"][\/et_pb_image][\/et_pb_column][et_pb_column type=\"1_3\" _builder_version=\"3.25\" custom_padding=\"|||\" custom_padding__hover=\"|||\"][et_pb_image src=\"https:\/\/house-coffee.es\/wp-content\/uploads\/2019\/05\/versoXLcombi.jpg\" alt=\"Imagen de la maquina Verso Combi XL\" title_text=\"Imagen de la maquina Verso Combi XL\" align_tablet=\"center\" align_last_edited=\"on|desktop\" module_class=\"imgancho\" _builder_version=\"3.24.1\"][\/et_pb_image][\/et_pb_column][et_pb_column type=\"1_3\" _builder_version=\"3.25\" custom_padding=\"|||\" custom_padding__hover=\"|||\"][et_pb_image src=\"https:\/\/house-coffee.es\/wp-content\/uploads\/2019\/05\/baristaCombi2.jpg\" alt=\"Imagen de la m\u00e1quina BaristaCombi\" title_text=\"Imagen de la m\u00e1quina BaristaCombi\" align_tablet=\"center\" align_last_edited=\"on|desktop\" module_class=\"imgancho\" _builder_version=\"3.24.1\"][\/et_pb_image][\/et_pb_column][\/et_pb_row][et_pb_row custom_margin=\"-5px|auto|58px|auto||\" _builder_version=\"3.25\"][et_pb_column type=\"4_4\" _builder_version=\"3.25\" custom_padding=\"|||\" custom_padding__hover=\"|||\"][et_pb_text _builder_version=\"3.23.3\" text_font=\"Roboto||||||||\" text_text_color=\"#777777\" background_color=\"#F2F3F4\" background_size=\"initial\" background_position=\"top_left\" background_repeat=\"repeat\" box_shadow_style=\"preset2\" custom_margin=\"0px|0px|0px|0px|true|true\" custom_padding=\"30px||30px||true\"]<\/p>\n<p style=\"text-align: center;\"><strong>HOUSE COFFEE<\/strong><span><span>\u00a0<\/span>se encargar\u00e1 de la<span>\u00a0<\/span><\/span><strong>instalaci\u00f3n<\/strong><span><span>\u00a0<\/span>de la m\u00e1quina, de su<span>\u00a0<\/span><\/span><strong>mantenimiento<\/strong><span>\u00a0y de la<span>\u00a0<\/span><\/span><strong>asistencia t\u00e9cnica<\/strong><span><span>\u00a0<\/span>de manera totalmente<span>\u00a0<\/span><\/span><strong>gratuita<\/strong><span>.<\/span><\/p>\n<p>[\/et_pb_text][\/et_pb_column][\/et_pb_row][\/et_pb_section]<\/p>\n","protected":false},"excerpt":{"rendered":"<p>[et_pb_section fb_built=\"1\" fullwidth=\"on\" _builder_version=\"3.22.7\" background_color=\"rgba(255,255,255,0.17)\"][et_pb_fullwidth_header _builder_version=\"3.23.3\" title_level=\"h2\" title_font=\"Roboto|700|||||||\" title_text_color=\"#333333\" background_color=\"#F3F3F3\" custom_margin=\"0px|0px|0px|0px|true|true\" custom_padding=\"20px||20px||true\"] M\u00e1quinas vending Combi (Caf\u00e9 + Refrescos + Snacks) [\/et_pb_fullwidth_header][\/et_pb_section][et_pb_section fb_built=\"1\" admin_label=\"section\" _builder_version=\"3.22.3\"][et_pb_row admin_label=\"row\" _builder_version=\"3.25\" background_size=\"initial\" background_position=\"top_left\" background_repeat=\"repeat\"][et_pb_column type=\"4_4\" _builder_version=\"3.25\" custom_padding=\"|||\" custom_padding__hover=\"|||\"][et_pb_text _builder_version=\"3.23.3\" text_font=\"Roboto||||||||\" text_text_color=\"#777777\" header_font=\"||||||||\" header_2_font=\"Roboto||||||||\" header_2_text_color=\"#333333\" header_2_font_size=\"30px\"] Vending Saludable 100% Natural Para crear un excelente ambiente de trabajo y lograr un \u00f3ptimo [&hellip;]<\/p>\n","protected":false},"author":1,"featured_media":0,"parent":54,"menu_order":0,"comment_status":"closed","ping_status":"open","template":"","meta":{"_et_pb_use_builder":"on","_et_pb_old_content":"\n\t\t\t\t[vc_row margin_top=\"0\" margin_bottom=\"0\"][vc_column][vc_empty_space][vc_column_text]\n<h2>Vending Saludable 100% Natural<\/h2>\n[\/vc_column_text][vc_empty_space height=\"30px\"][vc_column_text]Para crear un excelente ambiente de trabajo y lograr un \u00f3ptimo rendimiento se debe de apostar por una <strong>alimentaci\u00f3n equilibrada, sana y de calidad.<\/strong>\n\nPor este motivo, en nuestras m\u00e1quina vending, ofrecemos gran variedad de productos <strong>100% naturales<\/strong>, equilibrados e ideales para mantener una alimentaci\u00f3n adecuada.[\/vc_column_text][vc_empty_space height=\"50px\"][vc_column_text]\n<h2>Plan vending personalizado para su empresa<\/h2>\n[\/vc_column_text][vc_empty_space height=\"30px\"][vc_column_text]Sabemos que cada empresa tiene sus propios valores y necesidades. Por este motivo, ofrecemos la posibilidad de <strong>personalizar las m\u00e1quinas<\/strong> con los productos que mejor se adapten a los h\u00e1bitos alimentarios y necesidades de cada empresa: <strong>productos sin gluten, integrales, ecol\u00f3gicos, sin az\u00facar...<\/strong>[\/vc_column_text][vc_empty_space height=\"50px\"][vc_column_text]\n<h2>M\u00e1quinas vending de \u00faltima generaci\u00f3n<\/h2>\n[\/vc_column_text][vc_empty_space height=\"30px\"][vc_column_text]Nuestras m\u00e1quinas vending expendedoras de alimentos cuentan con la m\u00e1s moderna tecnolog\u00eda y disponen de separaci\u00f3n de ambientes en una misma m\u00e1quina con el fin de mantener cada producto a la temperatura adecuada.[\/vc_column_text][vc_empty_space height=\"10px\"][vc_row_inner][vc_column_inner width=\"1\/3\"][vc_empty_space][vc_single_image image=\"604\" img_size=\"full\" alignment=\"center\"][\/vc_column_inner][vc_column_inner width=\"1\/3\"][vc_empty_space][vc_single_image image=\"606\" img_size=\"full\" alignment=\"center\"][\/vc_column_inner][vc_column_inner width=\"1\/3\"][vc_empty_space][vc_single_image image=\"630\" img_size=\"full\" alignment=\"center\"][\/vc_column_inner][\/vc_row_inner][vc_empty_space][vc_column_text el_class=\"greyBox\"]\n<p style=\"text-align: center;\"><strong>HOUSE COFFEE<\/strong>\u00a0se encargar\u00e1 de la\u00a0<strong>instalaci\u00f3n<\/strong>\u00a0de la m\u00e1quina, de su\u00a0<strong>mantenimiento<\/strong>\u00a0y de la\u00a0<strong>asistencia t\u00e9cnica<\/strong>\u00a0de manera totalmente\u00a0<strong>gratuita<\/strong>.<\/p>\n[\/vc_column_text][vc_empty_space height=\"80px\"][\/vc_column][\/vc_row]\t\t","_et_gb_content_width":"","footnotes":""},"class_list":["post-49","page","type-page","status-publish","hentry"],"yoast_head":"<!-- This site is optimized with the Yoast SEO plugin v26.6 - https:\/\/yoast.com\/wordpress\/plugins\/seo\/ -->\n<title>M\u00e1quinas Vending para empresas y oficinas en Madrid | House Coffee<\/title>\n<meta name=\"description\" content=\"[et_pb_section fb_built=&quot;1&quot; fullwidth=&quot;on&quot; _builder_version=&quot;3.22.7&quot; background_color=&quot;rgba(255,255,255,0.17)&quot;][et_pb_fullwidth_header _builder_version=&quot;3.23.3&quot; title_level=&quot;h2&quot; title_font=&quot;Roboto|700|||||||&quot; title_text_color=&quot;#333333&quot; background_color=&quot;#F3F3F3&quot; custom_margin=&quot;0px|0px|0px|0px|true|true&quot; custom_padding=&quot;20px||20px||true&quot;] M\u00e1quinas vending Combi (Caf\u00e9 + Refrescos + Snacks) [\/et_pb_fullwidth_header][\/et_pb_section][et_pb_section fb_built=&quot;1&quot; admin_label=&quot;section&quot; _builder_version=&quot;3.22.3&quot;][et_pb_row admin_label=&quot;row&quot; _builder_version=&quot;3.25&quot; background_size=&quot;initial&quot; background_position=&quot;top_left&quot; background_repeat=&quot;repeat&quot;][et_pb_column type=&quot;4_4&quot; _builder_version=&quot;3.25&quot; custom_padding=&quot;|||&quot; custom_padding__hover=&quot;|||&quot;][et_pb_text _builder_version=&quot;3.23.3&quot; text_font=&quot;Roboto||||||||&quot; text_text_color=&quot;#777777&quot; header_font=&quot;||||||||&quot; header_2_font=&quot;Roboto||||||||&quot; header_2_text_color=&quot;#333333&quot; header_2_font_size=&quot;30px&quot;] Vending Saludable 100% Natural Para crear un excelente ambiente de trabajo y lograr un \u00f3ptimo [&hellip;]\" \/>\n<meta name=\"robots\" content=\"index, follow, max-snippet:-1, max-image-preview:large, max-video-preview:-1\" \/>\n<link rel=\"canonical\" href=\"https:\/\/house-coffee.es\/?page_id=49\" \/>\n<meta property=\"og:locale\" content=\"es_ES\" \/>\n<meta property=\"og:type\" content=\"article\" \/>\n<meta property=\"og:title\" content=\"M\u00e1quinas Vending para empresas y oficinas en Madrid | House Coffee\" \/>\n<meta property=\"og:description\" content=\"M\u00e1quinas vending para empresas y oficinas. Excelente servicio vending para empresas. M\u00e1quinas expededoras autom\u00e1ticas. Vending caf\u00e9 Nestl\u00e9 Professional.\" \/>\n<meta property=\"og:url\" content=\"https:\/\/house-coffee.es\/?page_id=49\" \/>\n<meta property=\"og:site_name\" content=\"M\u00e1quinas de caf\u00e9 para empresas y oficinas en Madrid. Vending Nestl\u00e9 Professional\" \/>\n<meta property=\"article:publisher\" content=\"https:\/\/www.facebook.com\/housecoffee.es\" \/>\n<meta property=\"article:modified_time\" content=\"2019-07-12T12:38:58+00:00\" \/>\n<meta name=\"twitter:card\" content=\"summary_large_image\" \/>\n<meta name=\"twitter:site\" content=\"@HouseCoffee\" \/>\n<meta name=\"twitter:label1\" content=\"Tiempo de lectura\" \/>\n\t<meta name=\"twitter:data1\" content=\"3 minutos\" \/>\n<script type=\"application\/ld+json\" class=\"yoast-schema-graph\">{\"@context\":\"https:\/\/schema.org\",\"@graph\":[{\"@type\":\"WebPage\",\"@id\":\"https:\/\/house-coffee.es\/?page_id=49\",\"url\":\"https:\/\/house-coffee.es\/?page_id=49\",\"name\":\"M\u00e1quinas Vending para empresas y oficinas en Madrid | House Coffee\",\"isPartOf\":{\"@id\":\"https:\/\/house-coffee.es\/#website\"},\"datePublished\":\"2015-06-11T18:26:32+00:00\",\"dateModified\":\"2019-07-12T12:38:58+00:00\",\"description\":\"M\u00e1quinas vending para empresas y oficinas. Excelente servicio vending para empresas. M\u00e1quinas expededoras autom\u00e1ticas. Vending caf\u00e9 Nestl\u00e9 Professional.\",\"breadcrumb\":{\"@id\":\"https:\/\/house-coffee.es\/?page_id=49#breadcrumb\"},\"inLanguage\":\"es\",\"potentialAction\":[{\"@type\":\"ReadAction\",\"target\":[\"https:\/\/house-coffee.es\/?page_id=49\"]}]},{\"@type\":\"BreadcrumbList\",\"@id\":\"https:\/\/house-coffee.es\/?page_id=49#breadcrumb\",\"itemListElement\":[{\"@type\":\"ListItem\",\"position\":1,\"name\":\"Portada\",\"item\":\"https:\/\/house-coffee.es\/\"},{\"@type\":\"ListItem\",\"position\":2,\"name\":\"Privado: Nuestras m\u00e1quinas\",\"item\":\"https:\/\/house-coffee.es\/?page_id=54\"},{\"@type\":\"ListItem\",\"position\":3,\"name\":\"M\u00e1quinas vending Combi (Caf\u00e9 + Refrescos + Snacks)\"}]},{\"@type\":\"WebSite\",\"@id\":\"https:\/\/house-coffee.es\/#website\",\"url\":\"https:\/\/house-coffee.es\/\",\"name\":\"M\u00e1quinas de caf\u00e9 para empresas y oficinas en Madrid. Vending Nestl\u00e9 Professional\",\"description\":\"M\u00e1quinas de caf\u00e9 para empresas y oficinas. Nuestras m\u00e1quinas de caf\u00e9 para empresas y oficinas son de \u00faltima generaci\u00f3n, robustas y fiables. M\u00e1quinas vending para empresas. Estamos ubicados en Madrid pero atendemos a la zona sur de Madrid y zona norte.\",\"publisher\":{\"@id\":\"https:\/\/house-coffee.es\/#organization\"},\"potentialAction\":[{\"@type\":\"SearchAction\",\"target\":{\"@type\":\"EntryPoint\",\"urlTemplate\":\"https:\/\/house-coffee.es\/?s={search_term_string}\"},\"query-input\":{\"@type\":\"PropertyValueSpecification\",\"valueRequired\":true,\"valueName\":\"search_term_string\"}}],\"inLanguage\":\"es\"},{\"@type\":\"Organization\",\"@id\":\"https:\/\/house-coffee.es\/#organization\",\"name\":\"House Coffee\",\"url\":\"https:\/\/house-coffee.es\/\",\"logo\":{\"@type\":\"ImageObject\",\"inLanguage\":\"es\",\"@id\":\"https:\/\/house-coffee.es\/#\/schema\/logo\/image\/\",\"url\":\"https:\/\/house-coffee.es\/wp-content\/uploads\/2019\/06\/logox2.png\",\"contentUrl\":\"https:\/\/house-coffee.es\/wp-content\/uploads\/2019\/06\/logox2.png\",\"width\":300,\"height\":282,\"caption\":\"House Coffee\"},\"image\":{\"@id\":\"https:\/\/house-coffee.es\/#\/schema\/logo\/image\/\"},\"sameAs\":[\"https:\/\/www.facebook.com\/housecoffee.es\",\"https:\/\/x.com\/HouseCoffee\"]}]}<\/script>\n<!-- \/ Yoast SEO plugin. -->","yoast_head_json":{"title":"M\u00e1quinas Vending para empresas y oficinas en Madrid | House Coffee","description":"[et_pb_section fb_built=\"1\" fullwidth=\"on\" _builder_version=\"3.22.7\" background_color=\"rgba(255,255,255,0.17)\"][et_pb_fullwidth_header _builder_version=\"3.23.3\" title_level=\"h2\" title_font=\"Roboto|700|||||||\" title_text_color=\"#333333\" background_color=\"#F3F3F3\" custom_margin=\"0px|0px|0px|0px|true|true\" custom_padding=\"20px||20px||true\"] M\u00e1quinas vending Combi (Caf\u00e9 + Refrescos + Snacks) [\/et_pb_fullwidth_header][\/et_pb_section][et_pb_section fb_built=\"1\" admin_label=\"section\" _builder_version=\"3.22.3\"][et_pb_row admin_label=\"row\" _builder_version=\"3.25\" background_size=\"initial\" background_position=\"top_left\" background_repeat=\"repeat\"][et_pb_column type=\"4_4\" _builder_version=\"3.25\" custom_padding=\"|||\" custom_padding__hover=\"|||\"][et_pb_text _builder_version=\"3.23.3\" text_font=\"Roboto||||||||\" text_text_color=\"#777777\" header_font=\"||||||||\" header_2_font=\"Roboto||||||||\" header_2_text_color=\"#333333\" header_2_font_size=\"30px\"] Vending Saludable 100% Natural Para crear un excelente ambiente de trabajo y lograr un \u00f3ptimo [&hellip;]","robots":{"index":"index","follow":"follow","max-snippet":"max-snippet:-1","max-image-preview":"max-image-preview:large","max-video-preview":"max-video-preview:-1"},"canonical":"https:\/\/house-coffee.es\/?page_id=49","og_locale":"es_ES","og_type":"article","og_title":"M\u00e1quinas Vending para empresas y oficinas en Madrid | House Coffee","og_description":"M\u00e1quinas vending para empresas y oficinas. Excelente servicio vending para empresas. M\u00e1quinas expededoras autom\u00e1ticas. Vending caf\u00e9 Nestl\u00e9 Professional.","og_url":"https:\/\/house-coffee.es\/?page_id=49","og_site_name":"M\u00e1quinas de caf\u00e9 para empresas y oficinas en Madrid. Vending Nestl\u00e9 Professional","article_publisher":"https:\/\/www.facebook.com\/housecoffee.es","article_modified_time":"2019-07-12T12:38:58+00:00","twitter_card":"summary_large_image","twitter_site":"@HouseCoffee","twitter_misc":{"Tiempo de lectura":"3 minutos"},"schema":{"@context":"https:\/\/schema.org","@graph":[{"@type":"WebPage","@id":"https:\/\/house-coffee.es\/?page_id=49","url":"https:\/\/house-coffee.es\/?page_id=49","name":"M\u00e1quinas Vending para empresas y oficinas en Madrid | House Coffee","isPartOf":{"@id":"https:\/\/house-coffee.es\/#website"},"datePublished":"2015-06-11T18:26:32+00:00","dateModified":"2019-07-12T12:38:58+00:00","description":"M\u00e1quinas vending para empresas y oficinas. Excelente servicio vending para empresas. M\u00e1quinas expededoras autom\u00e1ticas. Vending caf\u00e9 Nestl\u00e9 Professional.","breadcrumb":{"@id":"https:\/\/house-coffee.es\/?page_id=49#breadcrumb"},"inLanguage":"es","potentialAction":[{"@type":"ReadAction","target":["https:\/\/house-coffee.es\/?page_id=49"]}]},{"@type":"BreadcrumbList","@id":"https:\/\/house-coffee.es\/?page_id=49#breadcrumb","itemListElement":[{"@type":"ListItem","position":1,"name":"Portada","item":"https:\/\/house-coffee.es\/"},{"@type":"ListItem","position":2,"name":"Privado: Nuestras m\u00e1quinas","item":"https:\/\/house-coffee.es\/?page_id=54"},{"@type":"ListItem","position":3,"name":"M\u00e1quinas vending Combi (Caf\u00e9 + Refrescos + Snacks)"}]},{"@type":"WebSite","@id":"https:\/\/house-coffee.es\/#website","url":"https:\/\/house-coffee.es\/","name":"M\u00e1quinas de caf\u00e9 para empresas y oficinas en Madrid. Vending Nestl\u00e9 Professional","description":"M\u00e1quinas de caf\u00e9 para empresas y oficinas. Nuestras m\u00e1quinas de caf\u00e9 para empresas y oficinas son de \u00faltima generaci\u00f3n, robustas y fiables. M\u00e1quinas vending para empresas. Estamos ubicados en Madrid pero atendemos a la zona sur de Madrid y zona norte.","publisher":{"@id":"https:\/\/house-coffee.es\/#organization"},"potentialAction":[{"@type":"SearchAction","target":{"@type":"EntryPoint","urlTemplate":"https:\/\/house-coffee.es\/?s={search_term_string}"},"query-input":{"@type":"PropertyValueSpecification","valueRequired":true,"valueName":"search_term_string"}}],"inLanguage":"es"},{"@type":"Organization","@id":"https:\/\/house-coffee.es\/#organization","name":"House Coffee","url":"https:\/\/house-coffee.es\/","logo":{"@type":"ImageObject","inLanguage":"es","@id":"https:\/\/house-coffee.es\/#\/schema\/logo\/image\/","url":"https:\/\/house-coffee.es\/wp-content\/uploads\/2019\/06\/logox2.png","contentUrl":"https:\/\/house-coffee.es\/wp-content\/uploads\/2019\/06\/logox2.png","width":300,"height":282,"caption":"House Coffee"},"image":{"@id":"https:\/\/house-coffee.es\/#\/schema\/logo\/image\/"},"sameAs":["https:\/\/www.facebook.com\/housecoffee.es","https:\/\/x.com\/HouseCoffee"]}]}},"_links":{"self":[{"href":"https:\/\/house-coffee.es\/index.php?rest_route=\/wp\/v2\/pages\/49","targetHints":{"allow":["GET"]}}],"collection":[{"href":"https:\/\/house-coffee.es\/index.php?rest_route=\/wp\/v2\/pages"}],"about":[{"href":"https:\/\/house-coffee.es\/index.php?rest_route=\/wp\/v2\/types\/page"}],"author":[{"embeddable":true,"href":"https:\/\/house-coffee.es\/index.php?rest_route=\/wp\/v2\/users\/1"}],"replies":[{"embeddable":true,"href":"https:\/\/house-coffee.es\/index.php?rest_route=%2Fwp%2Fv2%2Fcomments&post=49"}],"version-history":[{"count":2,"href":"https:\/\/house-coffee.es\/index.php?rest_route=\/wp\/v2\/pages\/49\/revisions"}],"predecessor-version":[{"id":2237,"href":"https:\/\/house-coffee.es\/index.php?rest_route=\/wp\/v2\/pages\/49\/revisions\/2237"}],"up":[{"embeddable":true,"href":"https:\/\/house-coffee.es\/index.php?rest_route=\/wp\/v2\/pages\/54"}],"wp:attachment":[{"href":"https:\/\/house-coffee.es\/index.php?rest_route=%2Fwp%2Fv2%2Fmedia&parent=49"}],"curies":[{"name":"wp","href":"https:\/\/api.w.org\/{rel}","templated":true}]}}