{"id":416,"date":"2015-12-20T10:17:02","date_gmt":"2015-12-20T10:17:02","guid":{"rendered":"https:\/\/house-coffee.es\/?page_id=416"},"modified":"2025-07-17T17:10:20","modified_gmt":"2025-07-17T17:10:20","slug":"politica-de-privacidad","status":"publish","type":"page","link":"https:\/\/house-coffee.es\/?page_id=416","title":{"rendered":"Pol\u00edtica de privacidad"},"content":{"rendered":"<p>[et_pb_section fb_built=\"1\" fullwidth=\"on\" _builder_version=\"3.24.1\"][et_pb_fullwidth_header title=\"Pol\u00edtica de privacidad WEB\" _builder_version=\"3.24.1\" title_font=\"|700|||||||\" title_text_color=\"#000000\" title_font_size=\"26px\" background_color=\"rgba(214,214,214,0.3)\" min_height=\"100px\" custom_padding=\"28px||4px|||\"][\/et_pb_fullwidth_header][\/et_pb_section][et_pb_section fb_built=\"1\" admin_label=\"section\" _builder_version=\"3.22.3\" custom_padding=\"0px|||||\"][et_pb_row admin_label=\"row\" _builder_version=\"3.25\" background_size=\"initial\" background_position=\"top_left\" background_repeat=\"repeat\" custom_margin=\"4px|auto||auto||\"][et_pb_column type=\"4_4\" _builder_version=\"3.25\" custom_padding=\"|||\" custom_padding__hover=\"|||\"][et_pb_text admin_label=\"Text\" _builder_version=\"4.4.3\" background_size=\"initial\" background_position=\"top_left\" background_repeat=\"repeat\" hover_enabled=\"0\"]<\/p>\n<div>\n<p>En cumplimiento de la obligaci\u00f3n de informaci\u00f3n general contenida en el art\u00edculo 10 de la Ley 34\/2002, de 11 de julio, de Servicios de la Sociedad de la Informaci\u00f3n y de Comercio Electr\u00f3nico, y en el art\u00edculo 11 de la Ley Org\u00e1nica 3\/2018, de 5 de diciembre, de Protecci\u00f3n de Datos personales y Garant\u00eda de los Derechos Digitales (LOPDGDD), le informamos que los datos personales que nos suministre con su consentimiento a trav\u00e9s del portal <strong>house-<\/strong><strong>coffee.com<\/strong>, <strong>house-coffee.es, nescafecorners.es, nescafecorners.com, nescafecorner.es y nescafecorner.com<\/strong>, v\u00eda telef\u00f3nica, por correo electr\u00f3nico o apps m\u00f3vil (WhatsApp, Instagram\u2026) ser\u00e1n tratados de forma confidencial y pasar\u00e1n a formar parte de un fichero titularidad de la empresa:<\/p>\n<p><strong>HOUSE<\/strong> <strong>MARKET<\/strong> <strong>SYSTEM<\/strong> <strong>S.L. <\/strong><strong>CIF: B81462509<\/strong><\/p>\n<p><strong>Avenida<\/strong> <strong>de<\/strong> <strong>los<\/strong> <strong>Rosales<\/strong> <strong>n\u00ba<\/strong> <strong>42,<\/strong> <strong>Edificio<\/strong> <strong>Novosur,<\/strong> <strong>nave<\/strong> <strong>512.<\/strong> <strong>28021<\/strong> <strong>Madrid<\/strong><\/p>\n<p><strong>\u00a0<\/strong><strong>Inscrita<\/strong> <strong>en<\/strong> <strong>el<\/strong> <strong>Registro<\/strong> <strong>Mercantil<\/strong> <strong>de<\/strong> <strong>Madrid,<\/strong> <strong>Tomo<\/strong> <strong>11.017,<\/strong> <strong>folio<\/strong> <strong>137,<\/strong> <strong>hoja M-173745.<\/strong><\/p>\n<p><strong>\u00a0<\/strong>Adem\u00e1s de dicha direcci\u00f3n postal, y con la posibilidad de dirigir sus peticiones, cuestiones y quejas, podr\u00e1n utilizar tambi\u00e9n los siguientes medios:<\/p>\n<ul>\n<li>Tel\u00e9fono: <strong>(+34) 913 699 168<\/strong><\/li>\n<li>Correo electr\u00f3nico: <a href=\"mailto:company@house-coffee.com\"><strong>company@house-coffee.com<\/strong><\/a><\/li>\n<\/ul>\n<p>La <strong>finalidad del tratamiento <\/strong>de los datos facilitados ser\u00e1 la atenci\u00f3n de su petici\u00f3n de informaci\u00f3n, la gesti\u00f3n y\/o la prestaci\u00f3n de los servicios solicitados no siendo cedidos a terceros ajenos a dicha finalidad sin el previo consentimiento del interesado salvo obligaci\u00f3n legal. El tratamiento de los datos tendr\u00e1 su <strong>legitimaci\u00f3n <\/strong>en el consentimiento expl\u00edcito prestado por el interesado, asegurando \u00e9ste que los datos facilitados son adecuados y veraces. La <strong>duraci\u00f3n<\/strong> <strong>del<\/strong> <strong>almacenamiento<\/strong> de sus datos en nuestros sistemas se realizar\u00e1 mientras dure la relaci\u00f3n entre interesado y responsable procediendo a su borrado cuando \u00e9sta finalice salvo obligaci\u00f3n legal o en el momento en que el interesado solicite retirar su consentimiento. As\u00ed mismo, se informa de que sus datos <strong>no<\/strong> <strong>ser\u00e1n<\/strong> <strong>utilizados<\/strong> <strong>para<\/strong> <strong>la<\/strong> <strong>creaci\u00f3n<\/strong> <strong>de<\/strong> <strong>perfiles<\/strong> <strong>ni<\/strong> <strong>formar\u00e1n<\/strong> <strong>parte <\/strong><strong>de ning\u00fan proceso de decisi\u00f3n automatizada<\/strong>. En relaci\u00f3n a las <strong>transferencias de datos a Terceros Pa\u00edses<\/strong>, se informa que de producirse, ser\u00e1 \u00fanicamente con la finalidad anteriormente mencionada. Le informamos que puede <strong>ejercitar sus derechos <\/strong>de acceso, rectificaci\u00f3n, supresi\u00f3n (derecho al \u201colvido\u201d), limitaci\u00f3n del tratamiento, portabilidad y oposici\u00f3n en los t\u00e9rminos y condiciones previstos en la LOPDGDD dirigiendo escrito a las direcciones indicadas anteriormente.<\/p>\n<p>Adem\u00e1s, se informa de que el interesado podr\u00e1 presentar reclamaci\u00f3n ante la Agencia Espa\u00f1ola de Protecci\u00f3n de Datos (tel\u00e9fono: 901 100 099, CL\/ Jorge Juan, 6. 28001 Madrid) o su sede electr\u00f3nica (<a href=\"https:\/\/sedeagpd.gob.es\/sede-electronica-web\/\">https:\/\/sedeagpd.gob.es\/sede-electronica-web\/<\/a>) en cualquier momento en el que supusiera vulnerado el correcto uso de sus datos de car\u00e1cter personal o no atendida cualquier solicitud de ejecuci\u00f3n de sus derechos.<\/p>\n<p>El usuario se hace responsable de comunicar cualquier modificaci\u00f3n de los datos facilitados siendo el \u00fanico responsable de cualquier da\u00f1o o perjuicio, directo o indirecto, que pudiera ocasionar a <strong>HOUSE MARKET SYSTEM S.L. <\/strong>o a cualquier tercero, a causa de la cumplimentaci\u00f3n de los formularios con datos falsos, inexactos, incompletos o no actualizados. En el caso de que el usuario incluya datos de car\u00e1cter personal de terceros deber\u00e1, con car\u00e1cter previo a su inclusi\u00f3n, informarles de lo establecido en la presente pol\u00edtica de privacidad, siendo el \u00fanico responsable de su inclusi\u00f3n.<\/p>\n<\/div>\n<p>[\/et_pb_text][\/et_pb_column][\/et_pb_row][\/et_pb_section]<\/p>\n","protected":false},"excerpt":{"rendered":"<p>[et_pb_section fb_built=\"1\" fullwidth=\"on\" _builder_version=\"3.24.1\"][et_pb_fullwidth_header title=\"Pol\u00edtica de privacidad WEB\" _builder_version=\"3.24.1\" title_font=\"|700|||||||\" title_text_color=\"#000000\" title_font_size=\"26px\" background_color=\"rgba(214,214,214,0.3)\" min_height=\"100px\" custom_padding=\"28px||4px|||\"][\/et_pb_fullwidth_header][\/et_pb_section][et_pb_section fb_built=\"1\" admin_label=\"section\" _builder_version=\"3.22.3\" custom_padding=\"0px|||||\"][et_pb_row admin_label=\"row\" _builder_version=\"3.25\" background_size=\"initial\" background_position=\"top_left\" background_repeat=\"repeat\" custom_margin=\"4px|auto||auto||\"][et_pb_column type=\"4_4\" _builder_version=\"3.25\" custom_padding=\"|||\" custom_padding__hover=\"|||\"][et_pb_text admin_label=\"Text\" _builder_version=\"4.4.3\" background_size=\"initial\" background_position=\"top_left\" background_repeat=\"repeat\" hover_enabled=\"0\"] En cumplimiento de la obligaci\u00f3n de informaci\u00f3n general contenida en el art\u00edculo 10 de la Ley 34\/2002, de 11 de [&hellip;]<\/p>\n","protected":false},"author":1,"featured_media":0,"parent":0,"menu_order":0,"comment_status":"closed","ping_status":"closed","template":"","meta":{"_et_pb_use_builder":"on","_et_pb_old_content":"<h2 style=\"text-align: center;\">Pol\u00edtica de privacidad WEB<\/h2>\n&nbsp;\n<div class=\"page\" title=\"Page 1\">\n<div class=\"layoutArea\">\n<div class=\"column\">\n\nEn cumplimiento de la obligacio?n de informacio?n general contenida en el arti?culo 10 de la Ley 34\/2002, de 11 de julio, de Servicios de la Sociedad de la Informacio?n y de Comercio Electro?nico, y del Reglamento (UE) 2016\/679 del Parlamento Europeo y el Consejo, de 27 de abril de 2016, Reglamento General de Proteccio?n de Datos, le informamos que los datos personales que nos suministre con su consentimiento a trave?s de los sitios <strong>house-coffee.com<\/strong> y <strong>house-coffee.es<\/strong>, vi?a telefo?nica, o por correo electro?nico sera?n tratados de forma confidencial y pasara?n a formar parte de un fichero titularidad de la empresa:\n\n<\/div>\n<\/div>\n<\/div>\n&nbsp;\n<p style=\"text-align: center;\"><strong>HOUSE MARKET SYSTEM S.L. <\/strong><\/p>\n<p style=\"text-align: center;\"><strong>CIF: B81462509 <\/strong><\/p>\n<p style=\"text-align: center;\"><strong>Avenida de los Rosales n\u00ba 42, Edificio Novosur, nave 512. 28021 Madrid <\/strong><\/p>\n<p style=\"text-align: center;\"><strong>Inscrita en el Registro Mercantil de Madrid, Tomo 11.017, folio 137, hoja M-173745.<\/strong><\/p>\n&nbsp;\n<div class=\"page\" title=\"Page 1\">\n<div class=\"layoutArea\">\n<div class=\"column\">\n\nSus datos personales sera?n utilizados para atender su peticio?n de informacio?n, la gestio?n y prestacio?n de los servicios solicitados.\n\nAsimismo, le informamos que puede ejercitar sus derechos de acceso, rectificacio?n, supresio?n (derecho al \u201colvido\u201d), limitacio?n del tratamiento, portabilidad y oposicio?n y decisiones individuales automatizadas en los te?rminos y condiciones previstos en el RGPD, previa solicitud firmada por el interesado y acompan?ado de NIF o Pasaporte, y remitirla a la direccio?n postal anteriormente citada o al correo electro?nico indicado ma?s adelante.\n\nAdema?s de dicha direccio?n postal, y con la posibilidad de dirigir sus peticiones, cuestiones y quejas, podra?n utilizar tambie?n los siguientes medios:\n\n<\/div>\n<\/div>\n<\/div>\n&nbsp;\n<ul>\n \t<li>Tel\u00e9fono: <strong>(+34) 913 699 168<\/strong><\/li>\n \t<li>Correo electr\u00f3nico: <strong>company@house-coffee.com<\/strong><\/li>\n<\/ul>\n&nbsp;\n<div class=\"page\" title=\"Page 1\">\n<div class=\"layoutArea\">\n<div class=\"column\">\n\nEl usuario garantiza que los datos personales facilitados son veraces y se hace responsable de comunicar cualquier modificacio?n en los mismos. El usuario sera? el u?nico responsable de cualquier dan?o o perjuicio, directo o indirecto, que pudiera ocasionar a <strong>HOUSE MARKET SYSTEM S.L.<\/strong> o a cualquier tercero, a causa de la cumplimentacio?n de los formularios con datos falsos, inexactos, incompletos o no actualizados. En el caso de que el usuario incluya datos de cara?cter personal de terceros debera?, con cara?cter previo a su inclusio?n, informarles de lo establecido en la presente poli?tica de privacidad, siendo el u?nico responsable de su inclusio?n.\n\n<\/div>\n<\/div>\n<\/div>","_et_gb_content_width":"","footnotes":""},"class_list":["post-416","page","type-page","status-publish","hentry"],"yoast_head":"<!-- This site is optimized with the Yoast SEO plugin v26.6 - https:\/\/yoast.com\/wordpress\/plugins\/seo\/ -->\n<title>Pol\u00edtica de privacidad - M\u00e1quinas de caf\u00e9 para empresas y oficinas en Madrid. Vending Nestl\u00e9 Professional<\/title>\n<meta name=\"description\" content=\"[et_pb_section fb_built=&quot;1&quot; fullwidth=&quot;on&quot; _builder_version=&quot;3.24.1&quot;][et_pb_fullwidth_header title=&quot;Pol\u00edtica de privacidad WEB&quot; _builder_version=&quot;3.24.1&quot; title_font=&quot;|700|||||||&quot; title_text_color=&quot;#000000&quot; title_font_size=&quot;26px&quot; background_color=&quot;rgba(214,214,214,0.3)&quot; min_height=&quot;100px&quot; custom_padding=&quot;28px||4px|||&quot;][\/et_pb_fullwidth_header][\/et_pb_section][et_pb_section fb_built=&quot;1&quot; admin_label=&quot;section&quot; _builder_version=&quot;3.22.3&quot; custom_padding=&quot;0px|||||&quot;][et_pb_row admin_label=&quot;row&quot; _builder_version=&quot;3.25&quot; background_size=&quot;initial&quot; background_position=&quot;top_left&quot; background_repeat=&quot;repeat&quot; custom_margin=&quot;4px|auto||auto||&quot;][et_pb_column type=&quot;4_4&quot; _builder_version=&quot;3.25&quot; custom_padding=&quot;|||&quot; custom_padding__hover=&quot;|||&quot;][et_pb_text admin_label=&quot;Text&quot; _builder_version=&quot;4.4.3&quot; background_size=&quot;initial&quot; background_position=&quot;top_left&quot; background_repeat=&quot;repeat&quot; hover_enabled=&quot;0&quot;] En cumplimiento de la obligaci\u00f3n de informaci\u00f3n general contenida en el art\u00edculo 10 de la Ley 34\/2002, de 11 de [&hellip;]\" \/>\n<meta name=\"robots\" content=\"index, follow, max-snippet:-1, max-image-preview:large, max-video-preview:-1\" \/>\n<link rel=\"canonical\" href=\"https:\/\/house-coffee.es\/?page_id=416\" \/>\n<meta property=\"og:locale\" content=\"es_ES\" \/>\n<meta property=\"og:type\" content=\"article\" \/>\n<meta property=\"og:title\" content=\"Pol\u00edtica de privacidad - M\u00e1quinas de caf\u00e9 para empresas y oficinas en Madrid. Vending Nestl\u00e9 Professional\" \/>\n<meta property=\"og:description\" content=\"M\u00e1quinas de caf\u00e9 para empresas y oficinas. Nuestras m\u00e1quinas de caf\u00e9 para empresas y oficinas son de \u00faltima generaci\u00f3n, robustas y fiables. M\u00e1quinas vending para empresas. Estamos ubicados en Madrid pero atendemos a la zona sur de Madrid y zona norte.\" \/>\n<meta property=\"og:url\" content=\"https:\/\/house-coffee.es\/?page_id=416\" \/>\n<meta property=\"og:site_name\" content=\"M\u00e1quinas de caf\u00e9 para empresas y oficinas en Madrid. Vending Nestl\u00e9 Professional\" \/>\n<meta property=\"article:publisher\" content=\"https:\/\/www.facebook.com\/housecoffee.es\" \/>\n<meta property=\"article:modified_time\" content=\"2025-07-17T17:10:20+00:00\" \/>\n<meta name=\"twitter:card\" content=\"summary_large_image\" \/>\n<meta name=\"twitter:site\" content=\"@HouseCoffee\" \/>\n<meta name=\"twitter:label1\" content=\"Tiempo de lectura\" \/>\n\t<meta name=\"twitter:data1\" content=\"3 minutos\" \/>\n<script type=\"application\/ld+json\" class=\"yoast-schema-graph\">{\"@context\":\"https:\/\/schema.org\",\"@graph\":[{\"@type\":\"WebPage\",\"@id\":\"https:\/\/house-coffee.es\/?page_id=416\",\"url\":\"https:\/\/house-coffee.es\/?page_id=416\",\"name\":\"Pol\u00edtica de privacidad - M\u00e1quinas de caf\u00e9 para empresas y oficinas en Madrid. Vending Nestl\u00e9 Professional\",\"isPartOf\":{\"@id\":\"https:\/\/house-coffee.es\/#website\"},\"datePublished\":\"2015-12-20T10:17:02+00:00\",\"dateModified\":\"2025-07-17T17:10:20+00:00\",\"description\":\"M\u00e1quinas de caf\u00e9 para empresas y oficinas. Nuestras m\u00e1quinas de caf\u00e9 para empresas y oficinas son de \u00faltima generaci\u00f3n, robustas y fiables. M\u00e1quinas vending para empresas. Estamos ubicados en Madrid pero atendemos a la zona sur de Madrid y zona norte.\",\"breadcrumb\":{\"@id\":\"https:\/\/house-coffee.es\/?page_id=416#breadcrumb\"},\"inLanguage\":\"es\",\"potentialAction\":[{\"@type\":\"ReadAction\",\"target\":[\"https:\/\/house-coffee.es\/?page_id=416\"]}]},{\"@type\":\"BreadcrumbList\",\"@id\":\"https:\/\/house-coffee.es\/?page_id=416#breadcrumb\",\"itemListElement\":[{\"@type\":\"ListItem\",\"position\":1,\"name\":\"Portada\",\"item\":\"https:\/\/house-coffee.es\/\"},{\"@type\":\"ListItem\",\"position\":2,\"name\":\"Pol\u00edtica de privacidad\"}]},{\"@type\":\"WebSite\",\"@id\":\"https:\/\/house-coffee.es\/#website\",\"url\":\"https:\/\/house-coffee.es\/\",\"name\":\"M\u00e1quinas de caf\u00e9 para empresas y oficinas en Madrid. Vending Nestl\u00e9 Professional\",\"description\":\"M\u00e1quinas de caf\u00e9 para empresas y oficinas. Nuestras m\u00e1quinas de caf\u00e9 para empresas y oficinas son de \u00faltima generaci\u00f3n, robustas y fiables. M\u00e1quinas vending para empresas. Estamos ubicados en Madrid pero atendemos a la zona sur de Madrid y zona norte.\",\"publisher\":{\"@id\":\"https:\/\/house-coffee.es\/#organization\"},\"potentialAction\":[{\"@type\":\"SearchAction\",\"target\":{\"@type\":\"EntryPoint\",\"urlTemplate\":\"https:\/\/house-coffee.es\/?s={search_term_string}\"},\"query-input\":{\"@type\":\"PropertyValueSpecification\",\"valueRequired\":true,\"valueName\":\"search_term_string\"}}],\"inLanguage\":\"es\"},{\"@type\":\"Organization\",\"@id\":\"https:\/\/house-coffee.es\/#organization\",\"name\":\"House Coffee\",\"url\":\"https:\/\/house-coffee.es\/\",\"logo\":{\"@type\":\"ImageObject\",\"inLanguage\":\"es\",\"@id\":\"https:\/\/house-coffee.es\/#\/schema\/logo\/image\/\",\"url\":\"https:\/\/house-coffee.es\/wp-content\/uploads\/2019\/06\/logox2.png\",\"contentUrl\":\"https:\/\/house-coffee.es\/wp-content\/uploads\/2019\/06\/logox2.png\",\"width\":300,\"height\":282,\"caption\":\"House Coffee\"},\"image\":{\"@id\":\"https:\/\/house-coffee.es\/#\/schema\/logo\/image\/\"},\"sameAs\":[\"https:\/\/www.facebook.com\/housecoffee.es\",\"https:\/\/x.com\/HouseCoffee\"]}]}<\/script>\n<!-- \/ Yoast SEO plugin. -->","yoast_head_json":{"title":"Pol\u00edtica de privacidad - M\u00e1quinas de caf\u00e9 para empresas y oficinas en Madrid. Vending Nestl\u00e9 Professional","description":"[et_pb_section fb_built=\"1\" fullwidth=\"on\" _builder_version=\"3.24.1\"][et_pb_fullwidth_header title=\"Pol\u00edtica de privacidad WEB\" _builder_version=\"3.24.1\" title_font=\"|700|||||||\" title_text_color=\"#000000\" title_font_size=\"26px\" background_color=\"rgba(214,214,214,0.3)\" min_height=\"100px\" custom_padding=\"28px||4px|||\"][\/et_pb_fullwidth_header][\/et_pb_section][et_pb_section fb_built=\"1\" admin_label=\"section\" _builder_version=\"3.22.3\" custom_padding=\"0px|||||\"][et_pb_row admin_label=\"row\" _builder_version=\"3.25\" background_size=\"initial\" background_position=\"top_left\" background_repeat=\"repeat\" custom_margin=\"4px|auto||auto||\"][et_pb_column type=\"4_4\" _builder_version=\"3.25\" custom_padding=\"|||\" custom_padding__hover=\"|||\"][et_pb_text admin_label=\"Text\" _builder_version=\"4.4.3\" background_size=\"initial\" background_position=\"top_left\" background_repeat=\"repeat\" hover_enabled=\"0\"] En cumplimiento de la obligaci\u00f3n de informaci\u00f3n general contenida en el art\u00edculo 10 de la Ley 34\/2002, de 11 de [&hellip;]","robots":{"index":"index","follow":"follow","max-snippet":"max-snippet:-1","max-image-preview":"max-image-preview:large","max-video-preview":"max-video-preview:-1"},"canonical":"https:\/\/house-coffee.es\/?page_id=416","og_locale":"es_ES","og_type":"article","og_title":"Pol\u00edtica de privacidad - M\u00e1quinas de caf\u00e9 para empresas y oficinas en Madrid. Vending Nestl\u00e9 Professional","og_description":"M\u00e1quinas de caf\u00e9 para empresas y oficinas. Nuestras m\u00e1quinas de caf\u00e9 para empresas y oficinas son de \u00faltima generaci\u00f3n, robustas y fiables. M\u00e1quinas vending para empresas. Estamos ubicados en Madrid pero atendemos a la zona sur de Madrid y zona norte.","og_url":"https:\/\/house-coffee.es\/?page_id=416","og_site_name":"M\u00e1quinas de caf\u00e9 para empresas y oficinas en Madrid. Vending Nestl\u00e9 Professional","article_publisher":"https:\/\/www.facebook.com\/housecoffee.es","article_modified_time":"2025-07-17T17:10:20+00:00","twitter_card":"summary_large_image","twitter_site":"@HouseCoffee","twitter_misc":{"Tiempo de lectura":"3 minutos"},"schema":{"@context":"https:\/\/schema.org","@graph":[{"@type":"WebPage","@id":"https:\/\/house-coffee.es\/?page_id=416","url":"https:\/\/house-coffee.es\/?page_id=416","name":"Pol\u00edtica de privacidad - M\u00e1quinas de caf\u00e9 para empresas y oficinas en Madrid. Vending Nestl\u00e9 Professional","isPartOf":{"@id":"https:\/\/house-coffee.es\/#website"},"datePublished":"2015-12-20T10:17:02+00:00","dateModified":"2025-07-17T17:10:20+00:00","description":"M\u00e1quinas de caf\u00e9 para empresas y oficinas. Nuestras m\u00e1quinas de caf\u00e9 para empresas y oficinas son de \u00faltima generaci\u00f3n, robustas y fiables. M\u00e1quinas vending para empresas. Estamos ubicados en Madrid pero atendemos a la zona sur de Madrid y zona norte.","breadcrumb":{"@id":"https:\/\/house-coffee.es\/?page_id=416#breadcrumb"},"inLanguage":"es","potentialAction":[{"@type":"ReadAction","target":["https:\/\/house-coffee.es\/?page_id=416"]}]},{"@type":"BreadcrumbList","@id":"https:\/\/house-coffee.es\/?page_id=416#breadcrumb","itemListElement":[{"@type":"ListItem","position":1,"name":"Portada","item":"https:\/\/house-coffee.es\/"},{"@type":"ListItem","position":2,"name":"Pol\u00edtica de privacidad"}]},{"@type":"WebSite","@id":"https:\/\/house-coffee.es\/#website","url":"https:\/\/house-coffee.es\/","name":"M\u00e1quinas de caf\u00e9 para empresas y oficinas en Madrid. Vending Nestl\u00e9 Professional","description":"M\u00e1quinas de caf\u00e9 para empresas y oficinas. Nuestras m\u00e1quinas de caf\u00e9 para empresas y oficinas son de \u00faltima generaci\u00f3n, robustas y fiables. M\u00e1quinas vending para empresas. Estamos ubicados en Madrid pero atendemos a la zona sur de Madrid y zona norte.","publisher":{"@id":"https:\/\/house-coffee.es\/#organization"},"potentialAction":[{"@type":"SearchAction","target":{"@type":"EntryPoint","urlTemplate":"https:\/\/house-coffee.es\/?s={search_term_string}"},"query-input":{"@type":"PropertyValueSpecification","valueRequired":true,"valueName":"search_term_string"}}],"inLanguage":"es"},{"@type":"Organization","@id":"https:\/\/house-coffee.es\/#organization","name":"House Coffee","url":"https:\/\/house-coffee.es\/","logo":{"@type":"ImageObject","inLanguage":"es","@id":"https:\/\/house-coffee.es\/#\/schema\/logo\/image\/","url":"https:\/\/house-coffee.es\/wp-content\/uploads\/2019\/06\/logox2.png","contentUrl":"https:\/\/house-coffee.es\/wp-content\/uploads\/2019\/06\/logox2.png","width":300,"height":282,"caption":"House Coffee"},"image":{"@id":"https:\/\/house-coffee.es\/#\/schema\/logo\/image\/"},"sameAs":["https:\/\/www.facebook.com\/housecoffee.es","https:\/\/x.com\/HouseCoffee"]}]}},"_links":{"self":[{"href":"https:\/\/house-coffee.es\/index.php?rest_route=\/wp\/v2\/pages\/416","targetHints":{"allow":["GET"]}}],"collection":[{"href":"https:\/\/house-coffee.es\/index.php?rest_route=\/wp\/v2\/pages"}],"about":[{"href":"https:\/\/house-coffee.es\/index.php?rest_route=\/wp\/v2\/types\/page"}],"author":[{"embeddable":true,"href":"https:\/\/house-coffee.es\/index.php?rest_route=\/wp\/v2\/users\/1"}],"replies":[{"embeddable":true,"href":"https:\/\/house-coffee.es\/index.php?rest_route=%2Fwp%2Fv2%2Fcomments&post=416"}],"version-history":[{"count":4,"href":"https:\/\/house-coffee.es\/index.php?rest_route=\/wp\/v2\/pages\/416\/revisions"}],"predecessor-version":[{"id":5456,"href":"https:\/\/house-coffee.es\/index.php?rest_route=\/wp\/v2\/pages\/416\/revisions\/5456"}],"wp:attachment":[{"href":"https:\/\/house-coffee.es\/index.php?rest_route=%2Fwp%2Fv2%2Fmedia&parent=416"}],"curies":[{"name":"wp","href":"https:\/\/api.w.org\/{rel}","templated":true}]}}