{"id":264,"date":"2015-10-14T19:18:11","date_gmt":"2015-10-14T19:18:11","guid":{"rendered":"https:\/\/house-coffee.es\/politica-de-cookies\/"},"modified":"2019-07-22T10:55:10","modified_gmt":"2019-07-22T10:55:10","slug":"politica-de-cookies","status":"publish","type":"page","link":"https:\/\/house-coffee.es\/?page_id=264","title":{"rendered":"Pol\u00edtica de cookies"},"content":{"rendered":"<p>[et_pb_section fb_built=\"1\" fullwidth=\"on\" _builder_version=\"3.22.7\" background_color=\"rgba(255,255,255,0.17)\"][et_pb_fullwidth_header _builder_version=\"3.24.1\" title_font=\"Roboto|700|||||||\" title_text_align=\"left\" title_text_color=\"#333333\" background_color=\"#f3f3f3\" custom_margin=\"0px|0px|0px|0px|true|true\" custom_padding=\"20px|0px|20px|0px|true|true\"]<\/p>\n<h2><strong><span style=\"color: #000000;\">Pol\u00edtica de cookies WEB<\/span><\/strong><\/h2>\n<p>[\/et_pb_fullwidth_header][\/et_pb_section][et_pb_section fb_built=\"1\" admin_label=\"section\" _builder_version=\"3.22.3\"][et_pb_row admin_label=\"row\" _builder_version=\"3.25\" background_size=\"initial\" background_position=\"top_left\" background_repeat=\"repeat\"][et_pb_column type=\"4_4\" _builder_version=\"3.25\" custom_padding=\"|||\" custom_padding__hover=\"|||\"][et_pb_text admin_label=\"Text\" _builder_version=\"3.25.4\" background_size=\"initial\" background_position=\"top_left\" background_repeat=\"repeat\"]<strong style=\"font-size: 14px; color: #666666;\">HOUSE MARKET SYSTEM S.L<\/strong><span style=\"font-size: 14px;\">.,\u00a0en cumplimiento del apartado segundo del art\u00edculo 22 de la Ley 34\/2002, de 11 de julio, de Servicios de la Sociedad de la Informaci\u00f3n y\u00a0 de Comercio Electr\u00f3nico, y de la Ley Org\u00e1nica 3\/2018, de 5 de diciembre, de Protecci\u00f3n de Datos personales y Garant\u00eda de los Derechos Digitales (LOPDGDD), informa acerca del uso de las cookies en sus p\u00e1ginas web: <\/span><strong style=\"font-size: 14px; color: #666666;\">house-coffee.com y house-coffee.es<\/strong><\/p>\n<p>Las cookies son archivos que se pueden descargar en su equipo a trav\u00e9s de las p\u00e1ginas web. Son herramientas que tienen un papel esencial para la prestaci\u00f3n de numerosos servicios de la sociedad de la informaci\u00f3n. Entre otros, permiten a una p\u00e1gina web almacenar y recuperar informaci\u00f3n sobre los h\u00e1bitos de navegaci\u00f3n de un usuario o de su equipo y, dependiendo de la informaci\u00f3n obtenida, se pueden utilizar para reconocer al usuario y mejorar el servicio ofrecido.<\/p>\n<h3><strong>TIPOS DE COOKIES:<\/strong><\/h3>\n<p>Seg\u00fan quien sea la entidad que gestione el dominio desde donde se env\u00edan las cookies y trate los datos que se obtengan se pueden distinguir dos tipos: <strong>cookies<\/strong> <strong>propias y cookies de terceros.<\/strong><\/p>\n<p>Existe tambi\u00e9n una segunda clasificaci\u00f3n seg\u00fan el plazo de tiempo que permanecen almacenadas en el navegador del cliente, pudiendo tratarse de <strong>cookies<\/strong> <strong>de sesi\u00f3n o cookies persistentes.<\/strong><\/p>\n<p>Por \u00faltimo, existe otra clasificaci\u00f3n con cinco tipos de cookies seg\u00fan la finalidad para la que se traten los datos obtenidos: <strong>cookies t\u00e9cnicas, cookies de<\/strong> <strong>personalizaci\u00f3n, cookies de an\u00e1lisis, cookies publicitarias y cookies de publicidad<\/strong> <strong>comportamental.<\/strong><\/p>\n<p>Para m\u00e1s informaci\u00f3n a este respecto puede consultar la <a href=\"http:\/\/www.interior.gob.es\/documents\/10180\/13073\/Guia_Cookies.pdf\/7c72c988-1e55-42b5-aeee-f7c46a319903\">Gu\u00eda sobre el uso de las cookies de la Agencia Espa\u00f1ola de Protecci\u00f3n de Datos<\/a>.<\/p>\n<h3><strong>COOKIES UTILIZADAS EN LA WEB:<\/strong><\/h3>\n<p>A continuaci\u00f3n se identifican las cookies que est\u00e1n siendo utilizadas en este portal as\u00ed como su tipolog\u00eda y funci\u00f3n:<br \/>\nLa p\u00e1gina web de <strong>HOUSE MARKET SYSTEM S.L.<\/strong> utiliza cookies propias; t\u00e9cnicas o de uso interno, que facilitan la navegaci\u00f3n por la web o el uso de algunos servicios ofrecidos en la misma, son las siguientes:<\/p>\n<p>\u2022 <strong>super_session<\/strong>, registro de la aceptaci\u00f3n del usuario, caduca a los 30 minutos.<br \/>\n\u2022 <strong>klaro<\/strong>,\u00a0recordar la opci\u00f3n elegida por el usuario con respecto a la aceptaci\u00f3n de las cookies, caduca en 1 a\u00f1o.<\/p>\n<p>Adem\u00e1s, tambi\u00e9n utilizamos cookies de terceros;<\/p>\n<p>\u2022 <strong>_ga<\/strong>,\u00a0google.com, recopila datos de navegaci\u00f3n del usuario (datos an\u00f3nimos) no usados para la creaci\u00f3n de perfiles ni publicidad comportamental, siendo la finalidad la correcta funcionalidad de la p\u00e1gina, caduca a los 2 a\u00f1os.<br \/>\n\u2022 <strong>_gat<\/strong>,\u00a0google.com, recopila datos de navegaci\u00f3n del usuario (datos an\u00f3nimos) no usados para la creaci\u00f3n de perfiles ni publicidad comportamental, siendo la finalidad la correcta funcionalidad de la p\u00e1gina, caduca a los 10 minutos.<br \/>\n\u2022 <strong>_gid<\/strong>,\u00a0google.com, recopila datos de navegaci\u00f3n del usuario (datos an\u00f3nimos) no usados para la creaci\u00f3n de perfiles ni publicidad comportamental, siendo la finalidad la correcta funcionalidad de la p\u00e1gina, caduca en 1 d\u00eda.<br \/>\n\u2022 <strong>_NID<\/strong>,\u00a0google.com, cookie de seguridad para el env\u00edo de formularios. No se recopila informaci\u00f3n del usuario, solo comprueba que la casilla no soy un robot se active debidamente, caduca al a\u00f1o. <\/p>\n<p>A trav\u00e9s de la anal\u00edtica web se obtiene informaci\u00f3n relativa al n\u00famero de usuarios que acceden a la web, el n\u00famero de p\u00e1ginas vistas, la frecuencia y repetici\u00f3n de las visitas, su duraci\u00f3n, el navegador utilizado, el operador que presta el servicio, el idioma, el terminal que utiliza, o la ciudad a la que est\u00e1 asignada su direcci\u00f3n IP. Informaci\u00f3n que posibilita un mejor y m\u00e1s apropiado servicio por parte de esta p\u00e1gina WEB, dichos datos son an\u00f3nimos y no se usan para la creaci\u00f3n de perfiles ni publicidad comportamental.<\/p>\n<h3><strong>ACEPTACI\u00d3N DE LA POL\u00cdTICA DE COOKIES:<\/strong><\/h3>\n<p><strong>HOUSE MARKET SYSTEM S.L.<\/strong> asume que usted acepta el uso de cookies. No obstante, muestra informaci\u00f3n sobre su Pol\u00edtica de Cookies en la parte superior de cualquier p\u00e1gina del portal con cada inicio de sesi\u00f3n con el objeto de que usted sea consciente.<\/p>\n<p>Ante esta informaci\u00f3n es posible llevar a cabo las siguientes acciones:<\/p>\n<p>\u2022 Aceptar cookies. No se volver\u00e1 a visualizar este aviso al acceder a cualquier p\u00e1gina del portal durante la presente sesi\u00f3n.<br \/>\n\u2022 Cerrar. Se oculta el aviso en la presente p\u00e1gina.<br \/>\n\u2022 Modificar su configuraci\u00f3n. Podr\u00e1 obtener m\u00e1s informaci\u00f3n sobre qu\u00e9 son las cookies, conocer la Pol\u00edtica de Cookies de <strong>HOUSE MARKET SYSTEM S.L.<\/strong> y modificar la configuraci\u00f3n de su navegador.<\/p>\n<h3><strong>C\u00d3MO MODIFICAR LA CONFIGURACI\u00d3N DE LAS COOKIES<\/strong><\/h3>\n<p>Usted puede restringir, bloquear o borrar las cookies de <strong>HOUSE MARKET SYSTEM S.L.<\/strong> o cualquier otra p\u00e1gina web, utilizando su navegador. En cada navegador la operativa es diferente, la funci\u00f3n de 'Ayuda\" le mostrar\u00e1 c\u00f3mo hacerlo.<\/p>\n<p>\u2022 Internet Explorer: <a href=\"https:\/\/windows.microsoft.com\/es-xl\/internet-explorer\/deletemanage-cookies#ie=&quot;ie-10&quot;windows.microsoft.com\/es-xl\/internet-explorer\/deletemanage-cookies#ie=&quot;ie-10&quot;\">windows.microsoft.com\/es-xl\/internet-explorer\/deletemanage-cookies#ie=\"ie-10\"<\/a><\/p>\n<p>\u2022 Firefox: <a href=\"http:\/\/support.mozilla.org\/es\/kb\/Borrar%20cookies\">support.mozilla.org\/es\/kb\/Borrar%20cookies<\/a><br \/>\n\u2022 Chrome: <a href=\"https:\/\/support.mozilla.org\/es\/kb\/Borrar%20cookies\">support.google.com\/chrome\/answer\/95647?hl=\"es\"<\/a><br \/>\n\u2022 Safari:<a href=\"https:\/\/www.apple.com\/legal\/privacy\/es\/cookies\/\"> www.apple.com\/es\/privacy\/use-of-cookies\/<\/a><\/p>\n<p>Adem\u00e1s, tambi\u00e9n puede gestionar el almac\u00e9n de cookies en su navegador a<br \/>\ntrav\u00e9s de herramientas como las siguientes:<\/p>\n<p>\u2022 Ghostery: <a href=\"http:\/\/www.ghostery.com\/\">www.ghostery.com\/<\/a><br \/>\n\u2022 Your online choices:<a href=\"http:\/\/www.youronlinechoices.com\/es\/\"> www.youronlinechoices.com\/es\/<\/a>[\/et_pb_text][\/et_pb_column][\/et_pb_row][\/et_pb_section]<\/p>\n","protected":false},"excerpt":{"rendered":"<p>[et_pb_section fb_built=\"1\" fullwidth=\"on\" _builder_version=\"3.22.7\" background_color=\"rgba(255,255,255,0.17)\"][et_pb_fullwidth_header _builder_version=\"3.24.1\" title_font=\"Roboto|700|||||||\" title_text_align=\"left\" title_text_color=\"#333333\" background_color=\"#f3f3f3\" custom_margin=\"0px|0px|0px|0px|true|true\" custom_padding=\"20px|0px|20px|0px|true|true\"] Pol\u00edtica de cookies WEB [\/et_pb_fullwidth_header][\/et_pb_section][et_pb_section fb_built=\"1\" admin_label=\"section\" _builder_version=\"3.22.3\"][et_pb_row admin_label=\"row\" _builder_version=\"3.25\" background_size=\"initial\" background_position=\"top_left\" background_repeat=\"repeat\"][et_pb_column type=\"4_4\" _builder_version=\"3.25\" custom_padding=\"|||\" custom_padding__hover=\"|||\"][et_pb_text admin_label=\"Text\" _builder_version=\"3.25.4\" background_size=\"initial\" background_position=\"top_left\" background_repeat=\"repeat\"]HOUSE MARKET SYSTEM S.L.,\u00a0en cumplimiento del apartado segundo del art\u00edculo 22 de la Ley 34\/2002, de 11 de julio, de Servicios de [&hellip;]<\/p>\n","protected":false},"author":1,"featured_media":0,"parent":0,"menu_order":0,"comment_status":"closed","ping_status":"closed","template":"","meta":{"_et_pb_use_builder":"on","_et_pb_old_content":"<h2 style=\"text-align: left;\"><strong>Pol\u00edtica de Cookies<\/strong><\/h2>\n<strong>HOUSE MARKET SYSTEM S.L<\/strong>., en cumplimiento del apartado segundo del art\u00edculo 22 de la Ley 34\/2002, de 11 de julio, de Servicios de la Sociedad de la Informaci\u00f3n y de Comercio Electr\u00f3nico, y del reglamento (UE) 2016\/679 del Parlamento Europeo y el Consejo, de 27 de abril de 2016, Reglamento General de Protecci\u00f3n de Datos, informa acerca del uso de las cookies en sus p\u00e1ginas web: <strong>house-coffee.com y house-coffee.es<\/strong>\n\nLas cookies son archivos que se pueden descargar en su equipo a trav\u00e9s de las p\u00e1ginas web. Son herramientas que tienen un papel esencial para la prestaci\u00f3n de numerosos servicios de la sociedad de la informaci\u00f3n. Entre otros, permiten a una p\u00e1gina web almacenar y recuperar informaci\u00f3n sobre los h\u00e1bitos de navegaci\u00f3n de un usuario o de su equipo y, dependiendo de la informaci\u00f3n obtenida, se pueden utilizar para reconocer al usuario y mejorar el servicio ofrecido.\n<h3><strong>TIPOS DE COOKIES:<\/strong><\/h3>\nSeg\u00fan quien sea la entidad que gestione el dominio desde donde se env\u00edan las cookies y trate los datos que se obtengan se pueden distinguir dos tipos: <strong>cookies<\/strong> <strong>propias y cookies de terceros.<\/strong>\nExiste tambi\u00e9n una segunda clasificaci\u00f3n seg\u00fan el plazo de tiempo que permanecen almacenadas en el navegador del cliente, pudiendo tratarse de <strong>cookies<\/strong> <strong>de sesi\u00f3n o cookies persistentes.<\/strong>\nPor \u00faltimo, existe otra clasificaci\u00f3n con cinco tipos de cookies seg\u00fan la finalidad para la que se traten los datos obtenidos: <strong>cookies t\u00e9cnicas, cookies de<\/strong> <strong>personalizaci\u00f3n, cookies de an\u00e1lisis, cookies publicitarias y cookies de publicidad<\/strong> <strong>comportamental.<\/strong>\nPara m\u00e1s informaci\u00f3n a este respecto puede consultar la Gu\u00eda sobre el uso de las cookies de la Agencia Espa\u00f1ola de Protecci\u00f3n de Datos.\n<h3><strong>COOKIES UTILIZADAS EN LA WEB:<\/strong><\/h3>\nA continuaci\u00f3n se identifican las cookies que est\u00e1n siendo utilizadas en este portal as\u00ed como su tipolog\u00eda y funci\u00f3n:\nLa p\u00e1gina web de <strong>HOUSE MARKET SYSTEM S.L.<\/strong> utiliza cookies propias; t\u00e9cnicas o de uso interno, que facilitan la navegaci\u00f3n por la web o el uso de algunos servicios ofrecidos en la misma, son las siguientes:\n\u2022 <strong>devicePixelRatio<\/strong>, caduca a los 7 d\u00edas.\n\u2022 <strong>_ga<\/strong>, caduca a los 2 a\u00f1os.\n\u2022 <strong>_gat<\/strong>, caduca a los 10 minutos.\nAdem\u00e1s, tambi\u00e9n utilizamos cookies de terceros;\n\u2022 <strong>csrftoken, <\/strong>api.instagram.com, funcionamiento de la red social \u201cInstagram\u201d y\ncaduca en 1 a\u00f1o.\n\u2022 <strong>s_network, <\/strong>api.instagram.com, funcionamiento de la red social \u201cInstagram\u201d y\ncaduca en 1 hora.\n<h3><strong>ACEPTACI\u00d3N DE LA POL\u00cdTICA DE COOKIES:<\/strong><\/h3>\n<strong>HOUSE MARKET SYSTEM S.L.<\/strong> asume que usted acepta el uso de cookies. No obstante, muestra informaci\u00f3n sobre su Pol\u00edtica de Cookies en la parte superior de cualquier p\u00e1gina del portal con cada inicio de sesi\u00f3n con el objeto de que usted sea consciente.\nAnte esta informaci\u00f3n es posible llevar a cabo las siguientes acciones:\n\u2022 Aceptar cookies. No se volver\u00e1 a visualizar este aviso al acceder a cualquier p\u00e1gina del portal durante la presente sesi\u00f3n.\n\u2022 Cerrar. Se oculta el aviso en la presente p\u00e1gina.\n\u2022 Modificar su configuraci\u00f3n. Podr\u00e1 obtener m\u00e1s informaci\u00f3n sobre qu\u00e9 son las cookies, conocer la Pol\u00edtica de Cookies de <strong>HOUSE MARKET SYSTEM S.L.<\/strong> y modificar la configuraci\u00f3n de su navegador.\n<h3><strong>C\u00d3MO MODIFICAR LA CONFIGURACI\u00d3N DE LAS COOKIES<\/strong><\/h3>\nUsted puede restringir, bloquear o borrar las cookies de HOUSE MARKET SYSTEM S.L. o cualquier otra p\u00e1gina web, utilizando su navegador. En cada navegador la operativa es diferente, la funci\u00f3n de 'Ayuda\" le mostrar\u00e1 c\u00f3mo hacerlo.\n\u2022 Internet Explorer: <a href=\"http:\/\/windows.microsoft.com\/es-xl\/internet-explorer\/deletemanage-cookies#ie=&quot;ie-10&quot;\">windows.microsoft.com\/es-xl\/internet-explorer\/deletemanage-cookies#ie=\"ie-10\"<\/a>\n\n\u2022 Firefox: <a href=\"support.mozilla.org\/es\/kb\/Borrar%20cookies\">support.mozilla.org\/es\/kb\/Borrar%20cookies<\/a>\n\u2022 Chrome: <a href=\"support.google.com\/chrome\/answer\/95647?hl=\">support.google.com\/chrome\/answer\/95647?hl=\"es\"<\/a>\n\u2022 Safari: <a href=\"www.apple.com\/es\/privacy\/use-of-cookies\/\">www.apple.com\/es\/privacy\/use-of-cookies\/<\/a>\nAdem\u00e1s, tambi\u00e9n puede gestionar el almac\u00e9n de cookies en su navegador a\ntrav\u00e9s de herramientas como las siguientes:\n\u2022 Ghostery: <a href=\"http:\/\/www.ghostery.com\/\">www.ghostery.com\/<\/a>\n\u2022 Your online choices: <a href=\"http:\/\/www.youronlinechoices.com\/es\/\">www.youronlinechoices.com\/es\/<\/a>","_et_gb_content_width":"","footnotes":""},"class_list":["post-264","page","type-page","status-publish","hentry"],"yoast_head":"<!-- This site is optimized with the Yoast SEO plugin v26.6 - https:\/\/yoast.com\/wordpress\/plugins\/seo\/ -->\n<title>Pol\u00edtica de cookies - M\u00e1quinas de caf\u00e9 para empresas y oficinas en Madrid. Vending Nestl\u00e9 Professional<\/title>\n<meta name=\"description\" content=\"[et_pb_section fb_built=&quot;1&quot; fullwidth=&quot;on&quot; _builder_version=&quot;3.22.7&quot; background_color=&quot;rgba(255,255,255,0.17)&quot;][et_pb_fullwidth_header _builder_version=&quot;3.24.1&quot; title_font=&quot;Roboto|700|||||||&quot; title_text_align=&quot;left&quot; title_text_color=&quot;#333333&quot; background_color=&quot;#f3f3f3&quot; custom_margin=&quot;0px|0px|0px|0px|true|true&quot; custom_padding=&quot;20px|0px|20px|0px|true|true&quot;] Pol\u00edtica de cookies WEB [\/et_pb_fullwidth_header][\/et_pb_section][et_pb_section fb_built=&quot;1&quot; admin_label=&quot;section&quot; _builder_version=&quot;3.22.3&quot;][et_pb_row admin_label=&quot;row&quot; _builder_version=&quot;3.25&quot; background_size=&quot;initial&quot; background_position=&quot;top_left&quot; background_repeat=&quot;repeat&quot;][et_pb_column type=&quot;4_4&quot; _builder_version=&quot;3.25&quot; custom_padding=&quot;|||&quot; custom_padding__hover=&quot;|||&quot;][et_pb_text admin_label=&quot;Text&quot; _builder_version=&quot;3.25.4&quot; background_size=&quot;initial&quot; background_position=&quot;top_left&quot; background_repeat=&quot;repeat&quot;]HOUSE MARKET SYSTEM S.L.,\u00a0en cumplimiento del apartado segundo del art\u00edculo 22 de la Ley 34\/2002, de 11 de julio, de Servicios de [&hellip;]\" \/>\n<meta name=\"robots\" content=\"index, follow, max-snippet:-1, max-image-preview:large, max-video-preview:-1\" \/>\n<link rel=\"canonical\" href=\"https:\/\/house-coffee.es\/?page_id=264\" \/>\n<meta property=\"og:locale\" content=\"es_ES\" \/>\n<meta property=\"og:type\" content=\"article\" \/>\n<meta property=\"og:title\" content=\"Pol\u00edtica de cookies - M\u00e1quinas de caf\u00e9 para empresas y oficinas en Madrid. Vending Nestl\u00e9 Professional\" \/>\n<meta property=\"og:description\" content=\"M\u00e1quinas de caf\u00e9 para empresas y oficinas. Nuestras m\u00e1quinas de caf\u00e9 para empresas y oficinas son de \u00faltima generaci\u00f3n, robustas y fiables. M\u00e1quinas vending para empresas. Estamos ubicados en Madrid pero atendemos a la zona sur de Madrid y zona norte.\" \/>\n<meta property=\"og:url\" content=\"https:\/\/house-coffee.es\/?page_id=264\" \/>\n<meta property=\"og:site_name\" content=\"M\u00e1quinas de caf\u00e9 para empresas y oficinas en Madrid. Vending Nestl\u00e9 Professional\" \/>\n<meta property=\"article:publisher\" content=\"https:\/\/www.facebook.com\/housecoffee.es\" \/>\n<meta property=\"article:modified_time\" content=\"2019-07-22T10:55:10+00:00\" \/>\n<meta name=\"twitter:card\" content=\"summary_large_image\" \/>\n<meta name=\"twitter:site\" content=\"@HouseCoffee\" \/>\n<meta name=\"twitter:label1\" content=\"Tiempo de lectura\" \/>\n\t<meta name=\"twitter:data1\" content=\"5 minutos\" \/>\n<script type=\"application\/ld+json\" class=\"yoast-schema-graph\">{\"@context\":\"https:\/\/schema.org\",\"@graph\":[{\"@type\":\"WebPage\",\"@id\":\"https:\/\/house-coffee.es\/?page_id=264\",\"url\":\"https:\/\/house-coffee.es\/?page_id=264\",\"name\":\"Pol\u00edtica de cookies - M\u00e1quinas de caf\u00e9 para empresas y oficinas en Madrid. Vending Nestl\u00e9 Professional\",\"isPartOf\":{\"@id\":\"https:\/\/house-coffee.es\/#website\"},\"datePublished\":\"2015-10-14T19:18:11+00:00\",\"dateModified\":\"2019-07-22T10:55:10+00:00\",\"description\":\"M\u00e1quinas de caf\u00e9 para empresas y oficinas. Nuestras m\u00e1quinas de caf\u00e9 para empresas y oficinas son de \u00faltima generaci\u00f3n, robustas y fiables. M\u00e1quinas vending para empresas. Estamos ubicados en Madrid pero atendemos a la zona sur de Madrid y zona norte.\",\"breadcrumb\":{\"@id\":\"https:\/\/house-coffee.es\/?page_id=264#breadcrumb\"},\"inLanguage\":\"es\",\"potentialAction\":[{\"@type\":\"ReadAction\",\"target\":[\"https:\/\/house-coffee.es\/?page_id=264\"]}]},{\"@type\":\"BreadcrumbList\",\"@id\":\"https:\/\/house-coffee.es\/?page_id=264#breadcrumb\",\"itemListElement\":[{\"@type\":\"ListItem\",\"position\":1,\"name\":\"Portada\",\"item\":\"https:\/\/house-coffee.es\/\"},{\"@type\":\"ListItem\",\"position\":2,\"name\":\"Pol\u00edtica de cookies\"}]},{\"@type\":\"WebSite\",\"@id\":\"https:\/\/house-coffee.es\/#website\",\"url\":\"https:\/\/house-coffee.es\/\",\"name\":\"M\u00e1quinas de caf\u00e9 para empresas y oficinas en Madrid. Vending Nestl\u00e9 Professional\",\"description\":\"M\u00e1quinas de caf\u00e9 para empresas y oficinas. Nuestras m\u00e1quinas de caf\u00e9 para empresas y oficinas son de \u00faltima generaci\u00f3n, robustas y fiables. M\u00e1quinas vending para empresas. Estamos ubicados en Madrid pero atendemos a la zona sur de Madrid y zona norte.\",\"publisher\":{\"@id\":\"https:\/\/house-coffee.es\/#organization\"},\"potentialAction\":[{\"@type\":\"SearchAction\",\"target\":{\"@type\":\"EntryPoint\",\"urlTemplate\":\"https:\/\/house-coffee.es\/?s={search_term_string}\"},\"query-input\":{\"@type\":\"PropertyValueSpecification\",\"valueRequired\":true,\"valueName\":\"search_term_string\"}}],\"inLanguage\":\"es\"},{\"@type\":\"Organization\",\"@id\":\"https:\/\/house-coffee.es\/#organization\",\"name\":\"House Coffee\",\"url\":\"https:\/\/house-coffee.es\/\",\"logo\":{\"@type\":\"ImageObject\",\"inLanguage\":\"es\",\"@id\":\"https:\/\/house-coffee.es\/#\/schema\/logo\/image\/\",\"url\":\"https:\/\/house-coffee.es\/wp-content\/uploads\/2019\/06\/logox2.png\",\"contentUrl\":\"https:\/\/house-coffee.es\/wp-content\/uploads\/2019\/06\/logox2.png\",\"width\":300,\"height\":282,\"caption\":\"House Coffee\"},\"image\":{\"@id\":\"https:\/\/house-coffee.es\/#\/schema\/logo\/image\/\"},\"sameAs\":[\"https:\/\/www.facebook.com\/housecoffee.es\",\"https:\/\/x.com\/HouseCoffee\"]}]}<\/script>\n<!-- \/ Yoast SEO plugin. -->","yoast_head_json":{"title":"Pol\u00edtica de cookies - M\u00e1quinas de caf\u00e9 para empresas y oficinas en Madrid. Vending Nestl\u00e9 Professional","description":"[et_pb_section fb_built=\"1\" fullwidth=\"on\" _builder_version=\"3.22.7\" background_color=\"rgba(255,255,255,0.17)\"][et_pb_fullwidth_header _builder_version=\"3.24.1\" title_font=\"Roboto|700|||||||\" title_text_align=\"left\" title_text_color=\"#333333\" background_color=\"#f3f3f3\" custom_margin=\"0px|0px|0px|0px|true|true\" custom_padding=\"20px|0px|20px|0px|true|true\"] Pol\u00edtica de cookies WEB [\/et_pb_fullwidth_header][\/et_pb_section][et_pb_section fb_built=\"1\" admin_label=\"section\" _builder_version=\"3.22.3\"][et_pb_row admin_label=\"row\" _builder_version=\"3.25\" background_size=\"initial\" background_position=\"top_left\" background_repeat=\"repeat\"][et_pb_column type=\"4_4\" _builder_version=\"3.25\" custom_padding=\"|||\" custom_padding__hover=\"|||\"][et_pb_text admin_label=\"Text\" _builder_version=\"3.25.4\" background_size=\"initial\" background_position=\"top_left\" background_repeat=\"repeat\"]HOUSE MARKET SYSTEM S.L.,\u00a0en cumplimiento del apartado segundo del art\u00edculo 22 de la Ley 34\/2002, de 11 de julio, de Servicios de [&hellip;]","robots":{"index":"index","follow":"follow","max-snippet":"max-snippet:-1","max-image-preview":"max-image-preview:large","max-video-preview":"max-video-preview:-1"},"canonical":"https:\/\/house-coffee.es\/?page_id=264","og_locale":"es_ES","og_type":"article","og_title":"Pol\u00edtica de cookies - M\u00e1quinas de caf\u00e9 para empresas y oficinas en Madrid. Vending Nestl\u00e9 Professional","og_description":"M\u00e1quinas de caf\u00e9 para empresas y oficinas. Nuestras m\u00e1quinas de caf\u00e9 para empresas y oficinas son de \u00faltima generaci\u00f3n, robustas y fiables. M\u00e1quinas vending para empresas. Estamos ubicados en Madrid pero atendemos a la zona sur de Madrid y zona norte.","og_url":"https:\/\/house-coffee.es\/?page_id=264","og_site_name":"M\u00e1quinas de caf\u00e9 para empresas y oficinas en Madrid. Vending Nestl\u00e9 Professional","article_publisher":"https:\/\/www.facebook.com\/housecoffee.es","article_modified_time":"2019-07-22T10:55:10+00:00","twitter_card":"summary_large_image","twitter_site":"@HouseCoffee","twitter_misc":{"Tiempo de lectura":"5 minutos"},"schema":{"@context":"https:\/\/schema.org","@graph":[{"@type":"WebPage","@id":"https:\/\/house-coffee.es\/?page_id=264","url":"https:\/\/house-coffee.es\/?page_id=264","name":"Pol\u00edtica de cookies - M\u00e1quinas de caf\u00e9 para empresas y oficinas en Madrid. Vending Nestl\u00e9 Professional","isPartOf":{"@id":"https:\/\/house-coffee.es\/#website"},"datePublished":"2015-10-14T19:18:11+00:00","dateModified":"2019-07-22T10:55:10+00:00","description":"M\u00e1quinas de caf\u00e9 para empresas y oficinas. Nuestras m\u00e1quinas de caf\u00e9 para empresas y oficinas son de \u00faltima generaci\u00f3n, robustas y fiables. M\u00e1quinas vending para empresas. Estamos ubicados en Madrid pero atendemos a la zona sur de Madrid y zona norte.","breadcrumb":{"@id":"https:\/\/house-coffee.es\/?page_id=264#breadcrumb"},"inLanguage":"es","potentialAction":[{"@type":"ReadAction","target":["https:\/\/house-coffee.es\/?page_id=264"]}]},{"@type":"BreadcrumbList","@id":"https:\/\/house-coffee.es\/?page_id=264#breadcrumb","itemListElement":[{"@type":"ListItem","position":1,"name":"Portada","item":"https:\/\/house-coffee.es\/"},{"@type":"ListItem","position":2,"name":"Pol\u00edtica de cookies"}]},{"@type":"WebSite","@id":"https:\/\/house-coffee.es\/#website","url":"https:\/\/house-coffee.es\/","name":"M\u00e1quinas de caf\u00e9 para empresas y oficinas en Madrid. Vending Nestl\u00e9 Professional","description":"M\u00e1quinas de caf\u00e9 para empresas y oficinas. Nuestras m\u00e1quinas de caf\u00e9 para empresas y oficinas son de \u00faltima generaci\u00f3n, robustas y fiables. M\u00e1quinas vending para empresas. Estamos ubicados en Madrid pero atendemos a la zona sur de Madrid y zona norte.","publisher":{"@id":"https:\/\/house-coffee.es\/#organization"},"potentialAction":[{"@type":"SearchAction","target":{"@type":"EntryPoint","urlTemplate":"https:\/\/house-coffee.es\/?s={search_term_string}"},"query-input":{"@type":"PropertyValueSpecification","valueRequired":true,"valueName":"search_term_string"}}],"inLanguage":"es"},{"@type":"Organization","@id":"https:\/\/house-coffee.es\/#organization","name":"House Coffee","url":"https:\/\/house-coffee.es\/","logo":{"@type":"ImageObject","inLanguage":"es","@id":"https:\/\/house-coffee.es\/#\/schema\/logo\/image\/","url":"https:\/\/house-coffee.es\/wp-content\/uploads\/2019\/06\/logox2.png","contentUrl":"https:\/\/house-coffee.es\/wp-content\/uploads\/2019\/06\/logox2.png","width":300,"height":282,"caption":"House Coffee"},"image":{"@id":"https:\/\/house-coffee.es\/#\/schema\/logo\/image\/"},"sameAs":["https:\/\/www.facebook.com\/housecoffee.es","https:\/\/x.com\/HouseCoffee"]}]}},"_links":{"self":[{"href":"https:\/\/house-coffee.es\/index.php?rest_route=\/wp\/v2\/pages\/264","targetHints":{"allow":["GET"]}}],"collection":[{"href":"https:\/\/house-coffee.es\/index.php?rest_route=\/wp\/v2\/pages"}],"about":[{"href":"https:\/\/house-coffee.es\/index.php?rest_route=\/wp\/v2\/types\/page"}],"author":[{"embeddable":true,"href":"https:\/\/house-coffee.es\/index.php?rest_route=\/wp\/v2\/users\/1"}],"replies":[{"embeddable":true,"href":"https:\/\/house-coffee.es\/index.php?rest_route=%2Fwp%2Fv2%2Fcomments&post=264"}],"version-history":[{"count":9,"href":"https:\/\/house-coffee.es\/index.php?rest_route=\/wp\/v2\/pages\/264\/revisions"}],"predecessor-version":[{"id":2266,"href":"https:\/\/house-coffee.es\/index.php?rest_route=\/wp\/v2\/pages\/264\/revisions\/2266"}],"wp:attachment":[{"href":"https:\/\/house-coffee.es\/index.php?rest_route=%2Fwp%2Fv2%2Fmedia&parent=264"}],"curies":[{"name":"wp","href":"https:\/\/api.w.org\/{rel}","templated":true}]}}